{"id":6947,"date":"2025-07-20T14:00:38","date_gmt":"2025-07-20T07:00:38","guid":{"rendered":"https:\/\/rothwell.co.th\/?page_id=6947"},"modified":"2025-07-20T14:48:38","modified_gmt":"2025-07-20T07:48:38","slug":"labsafe-series-25c-desktop-mdf-25u60","status":"publish","type":"page","link":"https:\/\/rothwell.co.th\/index.php\/labsafe-series-25c-desktop-mdf-25u60\/","title":{"rendered":"LabSafe Series-25\u00b0C\/ Desktop\/ MDF-25U60"},"content":{"rendered":"\n<p>LabSafe Series-25\u00b0\/MDF-25U260<\/p>\n\n\n\n<div class=\"wp-block-columns is-layout-flex wp-container-core-columns-is-layout-9d6595d7 wp-block-columns-is-layout-flex\">\n<div class=\"wp-block-column is-layout-flow wp-block-column-is-layout-flow\">\n<p class=\"has-text-align-center\"><\/p>\n\n\n\n<p class=\"has-text-align-center\"><\/p>\n\n\n\n<div class=\"wp-block-columns is-layout-flex wp-container-core-columns-is-layout-9d6595d7 wp-block-columns-is-layout-flex\">\n<div class=\"wp-block-column is-vertically-aligned-bottom is-layout-flow wp-block-column-is-layout-flow\">\n<figure class=\"wp-block-image size-full\"><img fetchpriority=\"high\" decoding=\"async\" width=\"307\" height=\"322\" src=\"https:\/\/rothwell.co.th\/wp-content\/uploads\/2025\/07\/LabSafe-MDF-25U60-14.webp\" alt=\"25\u00b0C\/ Desktop\/ MDF-25U60\" class=\"wp-image-6933\" srcset=\"https:\/\/rothwell.co.th\/wp-content\/uploads\/2025\/07\/LabSafe-MDF-25U60-14.webp 307w, https:\/\/rothwell.co.th\/wp-content\/uploads\/2025\/07\/LabSafe-MDF-25U60-14-286x300.webp 286w\" sizes=\"(max-width: 307px) 100vw, 307px\" \/><figcaption class=\"wp-element-caption\">MDF-25U60 <br><\/figcaption><\/figure>\n<\/div>\n\n\n\n<div class=\"wp-block-column is-vertically-aligned-bottom is-layout-flow wp-block-column-is-layout-flow\">\n<p><\/p>\n\n\n\n<figure class=\"wp-block-image size-full\"><img decoding=\"async\" width=\"350\" height=\"641\" data-src=\"https:\/\/rothwell.co.th\/wp-content\/uploads\/2025\/07\/LabSafe-MDF-25U60-15.webp\" alt=\"\" class=\"wp-image-6934 lazyload\" data-srcset=\"https:\/\/rothwell.co.th\/wp-content\/uploads\/2025\/07\/LabSafe-MDF-25U60-15.webp 350w, https:\/\/rothwell.co.th\/wp-content\/uploads\/2025\/07\/LabSafe-MDF-25U60-15-164x300.webp 164w\" data-sizes=\"(max-width: 350px) 100vw, 350px\" src=\"data:image\/svg+xml;base64,PHN2ZyB3aWR0aD0iMSIgaGVpZ2h0PSIxIiB4bWxucz0iaHR0cDovL3d3dy53My5vcmcvMjAwMC9zdmciPjwvc3ZnPg==\" style=\"--smush-placeholder-width: 350px; --smush-placeholder-aspect-ratio: 350\/641;\" \/><figcaption class=\"wp-element-caption\">MDF-25U60 <br>With Stacking Kits<\/figcaption><\/figure>\n<\/div>\n<\/div>\n<\/div>\n\n\n\n<div class=\"wp-block-column is-layout-flow wp-block-column-is-layout-flow\">\n<h2 class=\"wp-block-heading\">-25\u00b0C\/ Desktop\/ MDF-25U60<\/h2>\n\n\n\n<p>ANTECH desktop lab freezer MDF-25U60 is ideal for small<br>medical practices, pharmacies, and labs. It is a great choice<br>when you need a small lab freezer for specialized medicines,<br>vaccines or lab materials. It is perfectly suited for additional<br>storage where space is a consideration. The MDF-25U60<br>is designed for the most rigorous life science, research,<br>healthcare and clinical applications.<\/p>\n\n\n\n<p>This unit uses environmentally friendly, natural refrigerants<br>that are fully compliant with new EPA\/SNAP\/UL regulations.<\/p>\n\n\n\n<p>.<\/p>\n\n\n\n<div class=\"wp-block-columns is-layout-flex wp-container-core-columns-is-layout-9d6595d7 wp-block-columns-is-layout-flex\">\n<div class=\"wp-block-column is-layout-flow wp-block-column-is-layout-flow\">\n<figure class=\"wp-block-image size-large is-resized\"><img decoding=\"async\" width=\"1024\" height=\"727\" data-src=\"https:\/\/rothwell.co.th\/wp-content\/uploads\/2025\/07\/ce-seeklogo-1024x727.png\" alt=\"\" class=\"wp-image-6671 lazyload\" style=\"--smush-placeholder-width: 1024px; --smush-placeholder-aspect-ratio: 1024\/727;width:65px;height:auto\" data-srcset=\"https:\/\/rothwell.co.th\/wp-content\/uploads\/2025\/07\/ce-seeklogo-1024x727.png 1024w, https:\/\/rothwell.co.th\/wp-content\/uploads\/2025\/07\/ce-seeklogo-300x213.png 300w, https:\/\/rothwell.co.th\/wp-content\/uploads\/2025\/07\/ce-seeklogo-768x545.png 768w, https:\/\/rothwell.co.th\/wp-content\/uploads\/2025\/07\/ce-seeklogo-1536x1091.png 1536w, https:\/\/rothwell.co.th\/wp-content\/uploads\/2025\/07\/ce-seeklogo-600x426.png 600w, https:\/\/rothwell.co.th\/wp-content\/uploads\/2025\/07\/ce-seeklogo.png 2000w\" data-sizes=\"(max-width: 1024px) 100vw, 1024px\" src=\"data:image\/svg+xml;base64,PHN2ZyB3aWR0aD0iMSIgaGVpZ2h0PSIxIiB4bWxucz0iaHR0cDovL3d3dy53My5vcmcvMjAwMC9zdmciPjwvc3ZnPg==\" \/><\/figure>\n<\/div>\n\n\n\n<div class=\"wp-block-column is-layout-flow wp-block-column-is-layout-flow\">\n<figure class=\"wp-block-image size-full is-resized\"><img decoding=\"async\" width=\"131\" height=\"121\" data-src=\"https:\/\/rothwell.co.th\/wp-content\/uploads\/2025\/07\/Cat-Antech-Hilight\u0e2d\u0e22-3012.webp\" alt=\"\" class=\"wp-image-6672 lazyload\" style=\"--smush-placeholder-width: 131px; --smush-placeholder-aspect-ratio: 131\/121;width:58px;height:auto\" src=\"data:image\/svg+xml;base64,PHN2ZyB3aWR0aD0iMSIgaGVpZ2h0PSIxIiB4bWxucz0iaHR0cDovL3d3dy53My5vcmcvMjAwMC9zdmciPjwvc3ZnPg==\" \/><\/figure>\n<\/div>\n\n\n\n<div class=\"wp-block-column is-layout-flow wp-block-column-is-layout-flow\"><\/div>\n\n\n\n<div class=\"wp-block-column is-layout-flow wp-block-column-is-layout-flow\"><\/div>\n\n\n\n<div class=\"wp-block-column is-layout-flow wp-block-column-is-layout-flow\"><\/div>\n\n\n\n<div class=\"wp-block-column is-layout-flow wp-block-column-is-layout-flow\"><\/div>\n\n\n\n<div class=\"wp-block-column is-layout-flow wp-block-column-is-layout-flow\"><\/div>\n<\/div>\n<\/div>\n<\/div>\n\n\n\n<div class=\"wp-block-group\"><div class=\"wp-block-group__inner-container is-layout-constrained wp-block-group-is-layout-constrained\">\n<div class=\"wp-block-columns is-layout-flex wp-container-core-columns-is-layout-9d6595d7 wp-block-columns-is-layout-flex\">\n<div class=\"wp-block-column is-layout-flow wp-block-column-is-layout-flow\">\n<p><strong>TC-200 Controller<\/strong><\/p>\n\n\n\n<figure class=\"wp-block-image size-full\"><img decoding=\"async\" width=\"656\" height=\"182\" data-src=\"https:\/\/rothwell.co.th\/wp-content\/uploads\/2025\/07\/LabSafe-MDF-25U270-400-600-1.webp\" alt=\"\" class=\"wp-image-6960 lazyload\" data-srcset=\"https:\/\/rothwell.co.th\/wp-content\/uploads\/2025\/07\/LabSafe-MDF-25U270-400-600-1.webp 656w, https:\/\/rothwell.co.th\/wp-content\/uploads\/2025\/07\/LabSafe-MDF-25U270-400-600-1-300x83.webp 300w, https:\/\/rothwell.co.th\/wp-content\/uploads\/2025\/07\/LabSafe-MDF-25U270-400-600-1-600x166.webp 600w\" data-sizes=\"(max-width: 656px) 100vw, 656px\" src=\"data:image\/svg+xml;base64,PHN2ZyB3aWR0aD0iMSIgaGVpZ2h0PSIxIiB4bWxucz0iaHR0cDovL3d3dy53My5vcmcvMjAwMC9zdmciPjwvc3ZnPg==\" style=\"--smush-placeholder-width: 656px; --smush-placeholder-aspect-ratio: 656\/182;\" \/><\/figure>\n\n\n\n<p>Microprocessor electronic controller for LabSafe series laboratory freezers, fitted with dual LED screen to display inner<br>chamber temperature and key working conditions. Advanced dual sensor control system for accurate temperature<br>control.<\/p>\n<\/div>\n\n\n\n<div class=\"wp-block-column is-layout-flow wp-block-column-is-layout-flow\">\n<p><strong>Performance<\/strong><\/p>\n\n\n\n<p>1. Forced air cooling for excellent temperature uniformity<\/p>\n\n\n\n<p>2. Variable (cycle) defrost<\/p>\n\n\n\n<p>3. Intelligent microprocessor controller with LED digital display resolution 0.1<\/p>\n\n\n\n<p>4. Magnetically sealed door with rapid cool-down mode after door opening<\/p>\n\n\n\n<p>5. Dual sensor design: Independent control sensor and display sensor<\/p>\n<\/div>\n<\/div>\n\n\n\n<div style=\"height:47px\" aria-hidden=\"true\" class=\"wp-block-spacer\"><\/div>\n\n\n\n<div class=\"wp-block-columns is-layout-flex wp-container-core-columns-is-layout-9d6595d7 wp-block-columns-is-layout-flex\">\n<div class=\"wp-block-column is-layout-flow wp-block-column-is-layout-flow\">\n<p><strong>Environment Friendly<\/strong>&nbsp;<\/p>\n\n\n\n<p>1. Natural refrigerant compliant with EPA and SNAP non-ozone depleting mandates<\/p>\n\n\n\n<p>2. CFC-Free polyurethane foaming insulation<\/p>\n\n\n\n<p>3. High efficiency cooling system for lower energy consumption and carbon emission<\/p>\n<\/div>\n\n\n\n<div class=\"wp-block-column is-layout-flow wp-block-column-is-layout-flow\">\n<p><strong>Ergonomic Design<\/strong><\/p>\n\n\n\n<p>1. Electric heating glass door prevents condensation water<\/p>\n\n\n\n<p>2. Door-activated and exterior switch-activated interior LED lighting<\/p>\n\n\n\n<p>3. Self-close door for convenient operation<\/p>\n\n\n\n<p>4. Ultra-quite design reduces noise level<\/p>\n<\/div>\n<\/div>\n\n\n\n<div class=\"wp-block-columns is-layout-flex wp-container-core-columns-is-layout-9d6595d7 wp-block-columns-is-layout-flex\">\n<div class=\"wp-block-column is-layout-flow wp-block-column-is-layout-flow\">\n<p><strong>Safety<\/strong>&nbsp;&nbsp;<\/p>\n\n\n\n<p>1. Build-in data storage and USB port for download<\/p>\n\n\n\n<p>2. Password protection avoids key parameters unauthorized change<\/p>\n\n\n\n<p>3. Safety door lock, preventing unauthorized access<\/p>\n\n\n\n<p>4. Access port for additional temperature probe<\/p>\n\n\n\n<p>5. Remote alarm contacts<\/p>\n<\/div>\n\n\n\n<div class=\"wp-block-column is-layout-flow wp-block-column-is-layout-flow\">\n<p><strong>Alarms<\/strong><\/p>\n\n\n\n<p>1. High temperature<\/p>\n\n\n\n<p>2. Low temperature<\/p>\n\n\n\n<p>3. Door ajar<\/p>\n\n\n\n<p>4. Power failure&nbsp;<\/p>\n\n\n\n<p>5. Sensor error<\/p>\n<\/div>\n<\/div>\n<\/div><\/div>\n\n\n\n<div class=\"wp-block-group\"><div class=\"wp-block-group__inner-container is-layout-constrained wp-block-group-is-layout-constrained\">\n<p class=\"has-text-align-center\" style=\"font-size:39px\">2~8\u00b0C PharmaSafe series<\/p>\n\n\n\n<figure class=\"wp-block-table aligncenter is-style-stripes\" style=\"font-size:18px\"><table class=\"has-black-color has-text-color has-link-color has-fixed-layout\"><tbody><tr><td><\/td><td>Model<\/td><td class=\"has-text-align-center\" data-align=\"center\">MDF-25U60<\/td><\/tr><tr><td>Main<br>specifications<\/td><td>Type<br>Temperature range (\u00b0C)<br>Climate type<br>Capacity (L)<br>Internal W\u00d7D\u00d7H (mm)<br>External W\u00d7D\u00d7H (mm)<br>Weight\uff08KGs\uff09<br>Insulation (mm)<br>Cooling type<br>Defrost<br>Refrigerant<\/td><td class=\"has-text-align-center\" data-align=\"center\">Desktop<br>-10\uff5e-25<br>N<br>65<br>410\u00d7450\u00d7420<br>510\u00d7590\u00d7660<br>31<br>50<br>Direct cooling<br>Manual<br>R600a<\/td><\/tr><tr><td>Control<br>system<\/td><td>Controller<br>Display<br>Display accuracy<\/td><td class=\"has-text-align-center\" data-align=\"center\">TC-200<br>LED digital<br>0.1<\/td><\/tr><tr><td>Power<\/td><td>Power supply (V\/Hz)<br>Rated power (W)<br>Rated Current (A)<\/td><td class=\"has-text-align-center\" data-align=\"center\">220\/50 220\/60 120\/60<br>95      95        115<br>0.7       0.7        0.9<\/td><\/tr><tr><td>Data<br>memory<\/td><td>High\/low temp check<br>USB port<br>Cloud monitoring (Wi-Fi)<\/td><td class=\"has-text-align-center\" data-align=\"center\">Y<br>Y <br><code>CryoMonitor 2000TF<\/code><\/td><\/tr><tr><td>Alarm<br>functions<\/td><td>Visible\/audible alarm<br>High\/low temp<br>Sensor failure<br>Door open<br>Low battery<br>Power failure<br>Remote alarm contact<\/td><td class=\"has-text-align-center\" data-align=\"center\">Y<br>Y<br>Y<br>Y<br>Y<br>Y<br>Y<\/td><\/tr><tr><td>Other<br>feature<\/td><td>Door lock with key<br>Inner LED light<br>Adjustbale foot<br>Caster<br>Test access port<br>Shelves adjustable<br>Shelf at buttom<br>Door QTY<\/td><td class=\"has-text-align-center\" data-align=\"center\">Y<br>Y<br>Y<br>N\/A<br>\u03a620mm x 1<br>1<br>1<br>1<\/td><\/tr><tr><td>Material<\/td><td>Exterior<br>Interior<br>Door<br>Insulation<\/td><td class=\"has-text-align-center\" data-align=\"center\">Pre-coated steel<br>Pre-coated aluminum<br>Solid door<br>Polyurethane<\/td><\/tr><tr><td>Shipping<\/td><td>Gross weight (KGs)<br>Packing W\u00d7D\u00d7H (mm)<br>Volume (m\u00b3)<\/td><td class=\"has-text-align-center\" data-align=\"center\">39.5<br>570\u00d7620\u00d7760<br>0.27<\/td><\/tr><\/tbody><\/table><\/figure>\n<\/div><\/div>\n\n\n\n<ul class=\"wp-block-list\">\n<li class=\"has-blue-color has-text-color has-link-color wp-elements-699378d3125b1ce6c472807924129b0e\"><a href=\"https:\/\/rothwell.co.th\/index.php\/labsafe-series-25c-desktop-mdf-25u60\/\">LabSafe Series-25\u00b0C\/ Desktop\/ MDF-25U60<\/a><\/li>\n\n\n\n<li class=\"has-blue-color has-text-color has-link-color wp-elements-9f85baa684a474dc8b8d8dde74f4ef93\"><a href=\"https:\/\/rothwell.co.th\/index.php\/labsafe-series-25c-under-counter-mdf-25u150\/\">LabSafe Series-25\u00b0C\/ Desktop\/ MDF-25U150<\/a><\/li>\n\n\n\n<li class=\"has-blue-color has-text-color has-link-color wp-elements-b1fa118af4470d5ce1cdb8f2387f2faf\"><a href=\"https:\/\/rothwell.co.th\/index.php\/labsafe-series-25c-desktop-mdf-25u60\/\">LabSafe Series-25\u00b0C\/ Desktop\/ MDF-25U270<\/a><\/li>\n\n\n\n<li class=\"has-blue-color has-text-color has-link-color wp-elements-263231687a61501606b9de98b652281b\"><a href=\"https:\/\/rothwell.co.th\/index.php\/labsafe-series-25-mdf-25u400\/\">LabSafe Series-25\u00b0C\/ Desktop\/ MDF-25U400<\/a><\/li>\n\n\n\n<li class=\"has-blue-color has-text-color has-link-color wp-elements-a87b7ab14a497182897ae15c94d33a87\"><a href=\"https:\/\/rothwell.co.th\/index.php\/labsafe-series-25-mdf-25u600\/\">LabSafe Series-25\u00b0C\/ Desktop\/ MDF-25U600<\/a><\/li>\n<\/ul>\n\n\n\n<p><\/p>\n","protected":false},"excerpt":{"rendered":"<p>LabSafe Series-25\u00b0\/MDF-25U260 -25\u00b0C\/ Desktop\/ MDF-25U60 ANTE<\/p>\n","protected":false},"author":1,"featured_media":0,"parent":0,"menu_order":0,"comment_status":"closed","ping_status":"closed","template":"","meta":{"footnotes":""},"categories":[70,52,68],"tags":[],"class_list":["post-6947","page","type-page","status-publish","hentry","category-antech","category--freezer","category-68"],"yoast_head":"<!-- This site is optimized with the Yoast SEO plugin v27.4 - https:\/\/yoast.com\/product\/yoast-seo-wordpress\/ -->\n<title>LabSafe Series-25\u00b0C\/ Desktop\/ MDF-25U60 - rothwell.co.th<\/title>\n<meta name=\"robots\" content=\"index, follow, max-snippet:-1, max-image-preview:large, max-video-preview:-1\" \/>\n<link rel=\"canonical\" href=\"https:\/\/rothwell.co.th\/index.php\/labsafe-series-25c-desktop-mdf-25u60\/\" \/>\n<meta property=\"og:locale\" content=\"th_TH\" \/>\n<meta property=\"og:type\" content=\"article\" \/>\n<meta property=\"og:title\" content=\"LabSafe Series-25\u00b0C\/ Desktop\/ MDF-25U60 - rothwell.co.th\" \/>\n<meta property=\"og:description\" content=\"LabSafe Series-25\u00b0\/MDF-25U260 -25\u00b0C\/ Desktop\/ MDF-25U60 ANTE\" \/>\n<meta property=\"og:url\" content=\"https:\/\/rothwell.co.th\/index.php\/labsafe-series-25c-desktop-mdf-25u60\/\" \/>\n<meta property=\"og:site_name\" content=\"rothwell.co.th\" \/>\n<meta property=\"article:modified_time\" content=\"2025-07-20T07:48:38+00:00\" \/>\n<meta property=\"og:image\" content=\"https:\/\/rothwell.co.th\/wp-content\/uploads\/2025\/07\/LabSafe-MDF-25U60-14.webp\" \/>\n\t<meta property=\"og:image:width\" content=\"307\" \/>\n\t<meta property=\"og:image:height\" content=\"322\" \/>\n\t<meta property=\"og:image:type\" content=\"image\/webp\" \/>\n<meta name=\"twitter:card\" content=\"summary_large_image\" \/>\n<meta name=\"twitter:label1\" content=\"Est. reading time\" \/>\n\t<meta name=\"twitter:data1\" content=\"4 \u0e19\u0e32\u0e17\u0e35\" \/>\n<script type=\"application\/ld+json\" class=\"yoast-schema-graph\">{\"@context\":\"https:\\\/\\\/schema.org\",\"@graph\":[{\"@type\":\"WebPage\",\"@id\":\"https:\\\/\\\/rothwell.co.th\\\/index.php\\\/labsafe-series-25c-desktop-mdf-25u60\\\/\",\"url\":\"https:\\\/\\\/rothwell.co.th\\\/index.php\\\/labsafe-series-25c-desktop-mdf-25u60\\\/\",\"name\":\"LabSafe Series-25\u00b0C\\\/ Desktop\\\/ MDF-25U60 - rothwell.co.th\",\"isPartOf\":{\"@id\":\"https:\\\/\\\/rothwell.co.th\\\/#website\"},\"primaryImageOfPage\":{\"@id\":\"https:\\\/\\\/rothwell.co.th\\\/index.php\\\/labsafe-series-25c-desktop-mdf-25u60\\\/#primaryimage\"},\"image\":{\"@id\":\"https:\\\/\\\/rothwell.co.th\\\/index.php\\\/labsafe-series-25c-desktop-mdf-25u60\\\/#primaryimage\"},\"thumbnailUrl\":\"https:\\\/\\\/rothwell.co.th\\\/wp-content\\\/uploads\\\/2025\\\/07\\\/LabSafe-MDF-25U60-14.webp\",\"datePublished\":\"2025-07-20T07:00:38+00:00\",\"dateModified\":\"2025-07-20T07:48:38+00:00\",\"breadcrumb\":{\"@id\":\"https:\\\/\\\/rothwell.co.th\\\/index.php\\\/labsafe-series-25c-desktop-mdf-25u60\\\/#breadcrumb\"},\"inLanguage\":\"th\",\"potentialAction\":[{\"@type\":\"ReadAction\",\"target\":[\"https:\\\/\\\/rothwell.co.th\\\/index.php\\\/labsafe-series-25c-desktop-mdf-25u60\\\/\"]}]},{\"@type\":\"ImageObject\",\"inLanguage\":\"th\",\"@id\":\"https:\\\/\\\/rothwell.co.th\\\/index.php\\\/labsafe-series-25c-desktop-mdf-25u60\\\/#primaryimage\",\"url\":\"https:\\\/\\\/rothwell.co.th\\\/wp-content\\\/uploads\\\/2025\\\/07\\\/LabSafe-MDF-25U60-14.webp\",\"contentUrl\":\"https:\\\/\\\/rothwell.co.th\\\/wp-content\\\/uploads\\\/2025\\\/07\\\/LabSafe-MDF-25U60-14.webp\",\"width\":307,\"height\":322,\"caption\":\"25\u00b0C\\\/ Desktop\\\/ MDF-25U60\"},{\"@type\":\"BreadcrumbList\",\"@id\":\"https:\\\/\\\/rothwell.co.th\\\/index.php\\\/labsafe-series-25c-desktop-mdf-25u60\\\/#breadcrumb\",\"itemListElement\":[{\"@type\":\"ListItem\",\"position\":1,\"name\":\"Home\",\"item\":\"https:\\\/\\\/rothwell.co.th\\\/\"},{\"@type\":\"ListItem\",\"position\":2,\"name\":\"LabSafe Series-25\u00b0C\\\/ Desktop\\\/ MDF-25U60\"}]},{\"@type\":\"WebSite\",\"@id\":\"https:\\\/\\\/rothwell.co.th\\\/#website\",\"url\":\"https:\\\/\\\/rothwell.co.th\\\/\",\"name\":\"rothwell.co.th\",\"description\":\"\",\"publisher\":{\"@id\":\"https:\\\/\\\/rothwell.co.th\\\/#organization\"},\"potentialAction\":[{\"@type\":\"SearchAction\",\"target\":{\"@type\":\"EntryPoint\",\"urlTemplate\":\"https:\\\/\\\/rothwell.co.th\\\/?s={search_term_string}\"},\"query-input\":{\"@type\":\"PropertyValueSpecification\",\"valueRequired\":true,\"valueName\":\"search_term_string\"}}],\"inLanguage\":\"th\"},{\"@type\":\"Organization\",\"@id\":\"https:\\\/\\\/rothwell.co.th\\\/#organization\",\"name\":\"rothwell.co.th\",\"url\":\"https:\\\/\\\/rothwell.co.th\\\/\",\"logo\":{\"@type\":\"ImageObject\",\"inLanguage\":\"th\",\"@id\":\"https:\\\/\\\/rothwell.co.th\\\/#\\\/schema\\\/logo\\\/image\\\/\",\"url\":\"https:\\\/\\\/rothwell.co.th\\\/wp-content\\\/uploads\\\/2023\\\/03\\\/cropped-logopng-01.png\",\"contentUrl\":\"https:\\\/\\\/rothwell.co.th\\\/wp-content\\\/uploads\\\/2023\\\/03\\\/cropped-logopng-01.png\",\"width\":250,\"height\":70,\"caption\":\"rothwell.co.th\"},\"image\":{\"@id\":\"https:\\\/\\\/rothwell.co.th\\\/#\\\/schema\\\/logo\\\/image\\\/\"}}]}<\/script>\n<!-- \/ Yoast SEO plugin. -->","yoast_head_json":{"title":"LabSafe Series-25\u00b0C\/ Desktop\/ MDF-25U60 - rothwell.co.th","robots":{"index":"index","follow":"follow","max-snippet":"max-snippet:-1","max-image-preview":"max-image-preview:large","max-video-preview":"max-video-preview:-1"},"canonical":"https:\/\/rothwell.co.th\/index.php\/labsafe-series-25c-desktop-mdf-25u60\/","og_locale":"th_TH","og_type":"article","og_title":"LabSafe Series-25\u00b0C\/ Desktop\/ MDF-25U60 - rothwell.co.th","og_description":"LabSafe Series-25\u00b0\/MDF-25U260 -25\u00b0C\/ Desktop\/ MDF-25U60 ANTE","og_url":"https:\/\/rothwell.co.th\/index.php\/labsafe-series-25c-desktop-mdf-25u60\/","og_site_name":"rothwell.co.th","article_modified_time":"2025-07-20T07:48:38+00:00","og_image":[{"width":307,"height":322,"url":"https:\/\/rothwell.co.th\/wp-content\/uploads\/2025\/07\/LabSafe-MDF-25U60-14.webp","type":"image\/webp"}],"twitter_card":"summary_large_image","twitter_misc":{"Est. reading time":"4 \u0e19\u0e32\u0e17\u0e35"},"schema":{"@context":"https:\/\/schema.org","@graph":[{"@type":"WebPage","@id":"https:\/\/rothwell.co.th\/index.php\/labsafe-series-25c-desktop-mdf-25u60\/","url":"https:\/\/rothwell.co.th\/index.php\/labsafe-series-25c-desktop-mdf-25u60\/","name":"LabSafe Series-25\u00b0C\/ Desktop\/ MDF-25U60 - rothwell.co.th","isPartOf":{"@id":"https:\/\/rothwell.co.th\/#website"},"primaryImageOfPage":{"@id":"https:\/\/rothwell.co.th\/index.php\/labsafe-series-25c-desktop-mdf-25u60\/#primaryimage"},"image":{"@id":"https:\/\/rothwell.co.th\/index.php\/labsafe-series-25c-desktop-mdf-25u60\/#primaryimage"},"thumbnailUrl":"https:\/\/rothwell.co.th\/wp-content\/uploads\/2025\/07\/LabSafe-MDF-25U60-14.webp","datePublished":"2025-07-20T07:00:38+00:00","dateModified":"2025-07-20T07:48:38+00:00","breadcrumb":{"@id":"https:\/\/rothwell.co.th\/index.php\/labsafe-series-25c-desktop-mdf-25u60\/#breadcrumb"},"inLanguage":"th","potentialAction":[{"@type":"ReadAction","target":["https:\/\/rothwell.co.th\/index.php\/labsafe-series-25c-desktop-mdf-25u60\/"]}]},{"@type":"ImageObject","inLanguage":"th","@id":"https:\/\/rothwell.co.th\/index.php\/labsafe-series-25c-desktop-mdf-25u60\/#primaryimage","url":"https:\/\/rothwell.co.th\/wp-content\/uploads\/2025\/07\/LabSafe-MDF-25U60-14.webp","contentUrl":"https:\/\/rothwell.co.th\/wp-content\/uploads\/2025\/07\/LabSafe-MDF-25U60-14.webp","width":307,"height":322,"caption":"25\u00b0C\/ Desktop\/ MDF-25U60"},{"@type":"BreadcrumbList","@id":"https:\/\/rothwell.co.th\/index.php\/labsafe-series-25c-desktop-mdf-25u60\/#breadcrumb","itemListElement":[{"@type":"ListItem","position":1,"name":"Home","item":"https:\/\/rothwell.co.th\/"},{"@type":"ListItem","position":2,"name":"LabSafe Series-25\u00b0C\/ Desktop\/ MDF-25U60"}]},{"@type":"WebSite","@id":"https:\/\/rothwell.co.th\/#website","url":"https:\/\/rothwell.co.th\/","name":"rothwell.co.th","description":"","publisher":{"@id":"https:\/\/rothwell.co.th\/#organization"},"potentialAction":[{"@type":"SearchAction","target":{"@type":"EntryPoint","urlTemplate":"https:\/\/rothwell.co.th\/?s={search_term_string}"},"query-input":{"@type":"PropertyValueSpecification","valueRequired":true,"valueName":"search_term_string"}}],"inLanguage":"th"},{"@type":"Organization","@id":"https:\/\/rothwell.co.th\/#organization","name":"rothwell.co.th","url":"https:\/\/rothwell.co.th\/","logo":{"@type":"ImageObject","inLanguage":"th","@id":"https:\/\/rothwell.co.th\/#\/schema\/logo\/image\/","url":"https:\/\/rothwell.co.th\/wp-content\/uploads\/2023\/03\/cropped-logopng-01.png","contentUrl":"https:\/\/rothwell.co.th\/wp-content\/uploads\/2023\/03\/cropped-logopng-01.png","width":250,"height":70,"caption":"rothwell.co.th"},"image":{"@id":"https:\/\/rothwell.co.th\/#\/schema\/logo\/image\/"}}]}},"_links":{"self":[{"href":"https:\/\/rothwell.co.th\/index.php\/wp-json\/wp\/v2\/pages\/6947","targetHints":{"allow":["GET"]}}],"collection":[{"href":"https:\/\/rothwell.co.th\/index.php\/wp-json\/wp\/v2\/pages"}],"about":[{"href":"https:\/\/rothwell.co.th\/index.php\/wp-json\/wp\/v2\/types\/page"}],"author":[{"embeddable":true,"href":"https:\/\/rothwell.co.th\/index.php\/wp-json\/wp\/v2\/users\/1"}],"replies":[{"embeddable":true,"href":"https:\/\/rothwell.co.th\/index.php\/wp-json\/wp\/v2\/comments?post=6947"}],"version-history":[{"count":6,"href":"https:\/\/rothwell.co.th\/index.php\/wp-json\/wp\/v2\/pages\/6947\/revisions"}],"predecessor-version":[{"id":6999,"href":"https:\/\/rothwell.co.th\/index.php\/wp-json\/wp\/v2\/pages\/6947\/revisions\/6999"}],"wp:attachment":[{"href":"https:\/\/rothwell.co.th\/index.php\/wp-json\/wp\/v2\/media?parent=6947"}],"wp:term":[{"taxonomy":"category","embeddable":true,"href":"https:\/\/rothwell.co.th\/index.php\/wp-json\/wp\/v2\/categories?post=6947"},{"taxonomy":"post_tag","embeddable":true,"href":"https:\/\/rothwell.co.th\/index.php\/wp-json\/wp\/v2\/tags?post=6947"}],"curies":[{"name":"wp","href":"https:\/\/api.w.org\/{rel}","templated":true}]}}