{"id":6905,"date":"2025-07-20T00:06:57","date_gmt":"2025-07-19T17:06:57","guid":{"rendered":"https:\/\/rothwell.co.th\/?page_id=6905"},"modified":"2025-07-20T01:05:16","modified_gmt":"2025-07-19T18:05:16","slug":"28c-40c-combined-refrigerator-and-freezer-mrf-450a","status":"publish","type":"page","link":"https:\/\/rothwell.co.th\/index.php\/28c-40c-combined-refrigerator-and-freezer-mrf-450a\/","title":{"rendered":"2~8\u00b0C &amp; -40\u00b0C Combined Refrigerator and Freezer MRF-450A"},"content":{"rendered":"\n<p class=\"has-text-align-center\" style=\"font-size:26px\"><strong>2~8\u00b0C &amp; -40\u00b0C Combined Refrigerator and Freezer MRF-450A<\/strong><\/p>\n\n\n\n<div class=\"wp-block-group\"><div class=\"wp-block-group__inner-container is-layout-constrained wp-block-group-is-layout-constrained\">\n<div class=\"wp-block-columns is-layout-flex wp-container-core-columns-is-layout-9d6595d7 wp-block-columns-is-layout-flex\">\n<div class=\"wp-block-column is-layout-flow wp-block-column-is-layout-flow\"><div class=\"wp-block-image\">\n<figure class=\"aligncenter size-full is-resized\"><img fetchpriority=\"high\" decoding=\"async\" width=\"392\" height=\"817\" src=\"https:\/\/rothwell.co.th\/wp-content\/uploads\/2025\/07\/MRF-450A-copy.webp\" alt=\"\" class=\"wp-image-6902\" style=\"width:294px;height:auto\" srcset=\"https:\/\/rothwell.co.th\/wp-content\/uploads\/2025\/07\/MRF-450A-copy.webp 392w, https:\/\/rothwell.co.th\/wp-content\/uploads\/2025\/07\/MRF-450A-copy-144x300.webp 144w\" sizes=\"(max-width: 392px) 100vw, 392px\" \/><figcaption class=\"wp-element-caption\"> MRF-450A   <\/figcaption><\/figure>\n<\/div>\n\n\n<p class=\"has-text-align-center\"><\/p>\n<\/div>\n\n\n\n<div class=\"wp-block-column is-layout-flow wp-block-column-is-layout-flow\">\n<h2 class=\"wp-block-heading\"><strong><strong>2~8\u00b0C &amp; -40\u00b0C Combined Refrigerator and Freezer <\/strong><\/strong><\/h2>\n\n\n\n<p style=\"font-size:26px\"><strong>MODEL : MRF-450A<\/strong><\/p>\n\n\n\n<p>Antech Combined refrigerator and freezer is 2\u00b0C~8\u00b0C refrigerator compartment up above and -40\u00b0C freezer compartment down below. The two compartments temperatures are controlled by two independent refrigerant systems. It have two compressors and control temperature more accurate which ensure the storage biological samples at reliable condition.<\/p>\n\n\n\n<p>Cool specimens in two separate compartments with these combined refrigerator and freezer, offering a high-performance and space-saving alternative for cold lab storage.<\/p>\n\n\n\n<div class=\"wp-block-columns is-layout-flex wp-container-core-columns-is-layout-9d6595d7 wp-block-columns-is-layout-flex\">\n<div class=\"wp-block-column is-layout-flow wp-block-column-is-layout-flow\">\n<figure class=\"wp-block-image size-large is-resized\"><img decoding=\"async\" width=\"1024\" height=\"727\" data-src=\"https:\/\/rothwell.co.th\/wp-content\/uploads\/2025\/07\/ce-seeklogo-1024x727.png\" alt=\"\" class=\"wp-image-6671 lazyload\" style=\"--smush-placeholder-width: 1024px; --smush-placeholder-aspect-ratio: 1024\/727;width:65px;height:auto\" data-srcset=\"https:\/\/rothwell.co.th\/wp-content\/uploads\/2025\/07\/ce-seeklogo-1024x727.png 1024w, https:\/\/rothwell.co.th\/wp-content\/uploads\/2025\/07\/ce-seeklogo-300x213.png 300w, https:\/\/rothwell.co.th\/wp-content\/uploads\/2025\/07\/ce-seeklogo-768x545.png 768w, https:\/\/rothwell.co.th\/wp-content\/uploads\/2025\/07\/ce-seeklogo-1536x1091.png 1536w, https:\/\/rothwell.co.th\/wp-content\/uploads\/2025\/07\/ce-seeklogo-600x426.png 600w, https:\/\/rothwell.co.th\/wp-content\/uploads\/2025\/07\/ce-seeklogo.png 2000w\" data-sizes=\"(max-width: 1024px) 100vw, 1024px\" src=\"data:image\/svg+xml;base64,PHN2ZyB3aWR0aD0iMSIgaGVpZ2h0PSIxIiB4bWxucz0iaHR0cDovL3d3dy53My5vcmcvMjAwMC9zdmciPjwvc3ZnPg==\" \/><\/figure>\n<\/div>\n\n\n\n<div class=\"wp-block-column is-layout-flow wp-block-column-is-layout-flow\">\n<figure class=\"wp-block-image size-full is-resized\"><img decoding=\"async\" width=\"131\" height=\"121\" data-src=\"https:\/\/rothwell.co.th\/wp-content\/uploads\/2025\/07\/Cat-Antech-Hilight\u0e2d\u0e22-3012.webp\" alt=\"\" class=\"wp-image-6672 lazyload\" style=\"--smush-placeholder-width: 131px; --smush-placeholder-aspect-ratio: 131\/121;width:58px;height:auto\" src=\"data:image\/svg+xml;base64,PHN2ZyB3aWR0aD0iMSIgaGVpZ2h0PSIxIiB4bWxucz0iaHR0cDovL3d3dy53My5vcmcvMjAwMC9zdmciPjwvc3ZnPg==\" \/><\/figure>\n<\/div>\n\n\n\n<div class=\"wp-block-column is-layout-flow wp-block-column-is-layout-flow\"><\/div>\n\n\n\n<div class=\"wp-block-column is-layout-flow wp-block-column-is-layout-flow\"><\/div>\n\n\n\n<div class=\"wp-block-column is-layout-flow wp-block-column-is-layout-flow\"><\/div>\n\n\n\n<div class=\"wp-block-column is-layout-flow wp-block-column-is-layout-flow\"><\/div>\n\n\n\n<div class=\"wp-block-column is-layout-flow wp-block-column-is-layout-flow\"><\/div>\n<\/div>\n<\/div>\n<\/div>\n\n\n\n<div class=\"wp-block-columns is-layout-flex wp-container-core-columns-is-layout-9d6595d7 wp-block-columns-is-layout-flex\">\n<div class=\"wp-block-column is-layout-flow wp-block-column-is-layout-flow\">\n<p><strong>Performance<\/strong><\/p>\n\n\n\n<p>1. Independent cooling system for refrigerator and freezer. If one part fails, the other part still works normally<\/p>\n\n\n\n<p>2. High-precision microprocessor temperature control system with 0.1\u2103 display accuracy<\/p>\n\n\n\n<p>3. Digital display show freezer working condition and alarm code<\/p>\n\n\n\n<p>4. 3-Channel sensor for control, display and ambient temperature<\/p>\n\n\n\n<p><\/p>\n\n\n\n<p><strong>Alarms&nbsp;<\/strong><\/p>\n\n\n\n<p>High temperature<\/p>\n\n\n\n<p>Low temperature<\/p>\n\n\n\n<p>Hot condenser<\/p>\n\n\n\n<p>Open door<\/p>\n\n\n\n<p>Power failure&nbsp;<\/p>\n\n\n\n<p>Sensor error<\/p>\n\n\n\n<p>Low battery<\/p>\n\n\n\n<p><strong>Ergonomic Design<\/strong>&nbsp;<\/p>\n\n\n\n<p>Glass window for refrigerator part for convenient observation<\/p>\n\n\n\n<p>Adjustable shelves for refrigerator part, drawers for freezer part<\/p>\n\n\n\n<p>Self-close door for convenient operation<\/p>\n\n\n\n<p>Ultra-quite design reduces noise level<\/p>\n\n\n\n<p><\/p>\n<\/div>\n\n\n\n<div class=\"wp-block-column is-layout-flow wp-block-column-is-layout-flow\">\n<p><strong>Safety<\/strong><\/p>\n\n\n\n<p>Build-in data storage and USB port for download<\/p>\n\n\n\n<p>Safety door lock, preventing unauthorized access<\/p>\n\n\n\n<p>Access port for additional temperature probe<\/p>\n\n\n\n<p>Remote alarm contacts<\/p>\n\n\n\n<div style=\"height:36px\" aria-hidden=\"true\" class=\"wp-block-spacer\"><\/div>\n\n\n\n<p><strong>Environment Friendly<\/strong>&nbsp;<\/p>\n\n\n\n<p>Natural refrigerant compliant with EPA and SNAP non-ozone depleting mandates<\/p>\n\n\n\n<p>High efficiency cooling system for lower energy consumption and carbon emission<\/p>\n\n\n\n<p>CFC-Free polyurethane foaming insulation<\/p>\n<\/div>\n<\/div>\n\n\n\n<figure class=\"wp-block-table is-style-stripes\" style=\"font-size:18px\"><table class=\"has-black-color has-text-color has-link-color has-fixed-layout\"><tbody><tr><td><\/td><td>Model<\/td><td class=\"has-text-align-center\" data-align=\"center\">MRF-450A<\/td><\/tr><tr><td>Main<br>specifications<\/td><td>Type<br>Temperature setting range (\u00b0C)<br>Climate type<br>Capacity (L)<br>Net weight (kg)<br>Internal W\u00d7D\u00d7H (mm)<br>External W\u00d7D\u00d7H (mm)<br>Cooling type<br>Defrost<br>Refrigerant<br>Number of Compressor<\/td><td class=\"has-text-align-center\" data-align=\"center\">Upright<br>Ref: 2~8; freezer: -10\uff5e-40<br>N<br>Ref: 315; freezer: 204<br>186<br>Ref: 750\u00d7610\u00d7740; freezer: 650\u00d7560\u00d7565<br>910\u00d7740\u00d71972<br>Ref: forced-air; freezer: direct<br>Ref: auto; freezer: manual<br>Hydrocarbon gas<br>2<\/td><\/tr><tr><td>Control<br>system<\/td><td>Controller<br>Display<br>Temperature display accuracy<\/td><td class=\"has-text-align-center\" data-align=\"center\">Microprocessor<br>LED Digital<br>0.1<\/td><\/tr><tr><td>Power<\/td><td>Power supply (V\/Hz)<br>Rated power (W)<br>Rated Current (A)<\/td><td class=\"has-text-align-center\" data-align=\"center\">220\/50 220\/60 120\/60<br>398       425       365<br>3.6      n 3.6       6.5<\/td><\/tr><tr><td>Data<br>memory<\/td><td>USB port<br>Cloud monitoring (Wi-Fi)<br>RS485 port<\/td><td class=\"has-text-align-center\" data-align=\"center\">Y <br><code>CryoMonitor 2000TF<\/code><br>Y <\/td><\/tr><tr><td>Alarm<br>functions<\/td><td>Visible\/audible alarm<br>High\/Low temperature<br>Hot condensor<br>Power failure<br>Sensor failure<br>High ambient temperature<br>Door open<br>Low battery<br>Remote alarm contact<\/td><td class=\"has-text-align-center\" data-align=\"center\">Y<br>Y<br>Y<br>Y<br>Y<br>Y<br>Y<br>Y<br>Y<\/td><\/tr><tr><td>Accessories<\/td><td>Door type<br>Shelves &amp; drawers<br>Safety door lock<br>Test access port<br>Casters<\/td><td class=\"has-text-align-center\" data-align=\"center\">Ref: forming door with glass window; freezer: solid forming door<br>Ref: 3 shelves + 1 drawer; freezer: 6 drawers<br>\u03a625mm x 2<br>4 (2 with brake)<\/td><\/tr><tr><td>Material<\/td><td>Exterior<br>Interior<br>Insulation<\/td><td class=\"has-text-align-center\" data-align=\"center\">Coated steel<br>SUS304<br>Polyurethane<\/td><\/tr><tr><td>Shipping<\/td><td>Gross weight (KGs)<br>Packing W\u00d7D\u00d7H (mm)<br>Volume (m\u00b3)<\/td><td class=\"has-text-align-center\" data-align=\"center\">215<br>1030\u00d7890\u00d72158<br>1.98<\/td><\/tr><\/tbody><\/table><\/figure>\n<\/div><\/div>\n\n\n\n<div class=\"wp-block-group\"><div class=\"wp-block-group__inner-container is-layout-constrained wp-block-group-is-layout-constrained\">\n<p><a href=\"https:\/\/rothwell.co.th\/index.php\/28c-40c-combined-refrigerator-and-freezer-mrf-288a\/\">2~8\u00b0C &amp; -40\u00b0C Combined Refrigerator and Freezer MRF-288A<\/a><\/p>\n\n\n\n<p><a href=\"https:\/\/rothwell.co.th\/index.php\/28c-40c-combined-refrigerator-and-freezer-mrf-450a\/\">2~8\u00b0C &amp; -40\u00b0C Combined Refrigerator and Freezer MRF-450A<\/a><\/p>\n<\/div><\/div>\n\n\n\n<p><\/p>\n","protected":false},"excerpt":{"rendered":"<p>2~8\u00b0C &amp; -40\u00b0C Combined Refrigerator and Freezer MRF-450A<\/p>\n","protected":false},"author":1,"featured_media":0,"parent":0,"menu_order":0,"comment_status":"closed","ping_status":"closed","template":"","meta":{"footnotes":""},"categories":[70,52,47,68],"tags":[],"class_list":["post-6905","page","type-page","status-publish","hentry","category-antech","category--freezer","category-refrigerator","category-68"],"yoast_head":"<!-- This site is optimized with the Yoast SEO plugin v27.4 - https:\/\/yoast.com\/product\/yoast-seo-wordpress\/ -->\n<title>2~8\u00b0C &amp; -40\u00b0C Combined Refrigerator and Freezer MRF-450A - rothwell.co.th<\/title>\n<meta name=\"robots\" content=\"index, follow, max-snippet:-1, max-image-preview:large, max-video-preview:-1\" \/>\n<link rel=\"canonical\" href=\"https:\/\/rothwell.co.th\/index.php\/28c-40c-combined-refrigerator-and-freezer-mrf-450a\/\" \/>\n<meta property=\"og:locale\" content=\"th_TH\" \/>\n<meta property=\"og:type\" content=\"article\" \/>\n<meta property=\"og:title\" content=\"2~8\u00b0C &amp; -40\u00b0C Combined Refrigerator and Freezer MRF-450A - rothwell.co.th\" \/>\n<meta property=\"og:description\" content=\"2~8\u00b0C &amp; -40\u00b0C Combined Refrigerator and Freezer MRF-450A\" \/>\n<meta property=\"og:url\" content=\"https:\/\/rothwell.co.th\/index.php\/28c-40c-combined-refrigerator-and-freezer-mrf-450a\/\" \/>\n<meta property=\"og:site_name\" content=\"rothwell.co.th\" \/>\n<meta property=\"article:modified_time\" content=\"2025-07-19T18:05:16+00:00\" \/>\n<meta property=\"og:image\" content=\"https:\/\/rothwell.co.th\/wp-content\/uploads\/2025\/07\/MRF-450A-copy.webp\" \/>\n\t<meta property=\"og:image:width\" content=\"392\" \/>\n\t<meta property=\"og:image:height\" content=\"817\" \/>\n\t<meta property=\"og:image:type\" content=\"image\/webp\" \/>\n<meta name=\"twitter:card\" content=\"summary_large_image\" \/>\n<meta name=\"twitter:label1\" content=\"Est. reading time\" \/>\n\t<meta name=\"twitter:data1\" content=\"3 \u0e19\u0e32\u0e17\u0e35\" \/>\n<script type=\"application\/ld+json\" class=\"yoast-schema-graph\">{\"@context\":\"https:\\\/\\\/schema.org\",\"@graph\":[{\"@type\":\"WebPage\",\"@id\":\"https:\\\/\\\/rothwell.co.th\\\/index.php\\\/28c-40c-combined-refrigerator-and-freezer-mrf-450a\\\/\",\"url\":\"https:\\\/\\\/rothwell.co.th\\\/index.php\\\/28c-40c-combined-refrigerator-and-freezer-mrf-450a\\\/\",\"name\":\"2~8\u00b0C &amp; -40\u00b0C Combined Refrigerator and Freezer MRF-450A - rothwell.co.th\",\"isPartOf\":{\"@id\":\"https:\\\/\\\/rothwell.co.th\\\/#website\"},\"primaryImageOfPage\":{\"@id\":\"https:\\\/\\\/rothwell.co.th\\\/index.php\\\/28c-40c-combined-refrigerator-and-freezer-mrf-450a\\\/#primaryimage\"},\"image\":{\"@id\":\"https:\\\/\\\/rothwell.co.th\\\/index.php\\\/28c-40c-combined-refrigerator-and-freezer-mrf-450a\\\/#primaryimage\"},\"thumbnailUrl\":\"https:\\\/\\\/rothwell.co.th\\\/wp-content\\\/uploads\\\/2025\\\/07\\\/MRF-450A-copy.webp\",\"datePublished\":\"2025-07-19T17:06:57+00:00\",\"dateModified\":\"2025-07-19T18:05:16+00:00\",\"breadcrumb\":{\"@id\":\"https:\\\/\\\/rothwell.co.th\\\/index.php\\\/28c-40c-combined-refrigerator-and-freezer-mrf-450a\\\/#breadcrumb\"},\"inLanguage\":\"th\",\"potentialAction\":[{\"@type\":\"ReadAction\",\"target\":[\"https:\\\/\\\/rothwell.co.th\\\/index.php\\\/28c-40c-combined-refrigerator-and-freezer-mrf-450a\\\/\"]}]},{\"@type\":\"ImageObject\",\"inLanguage\":\"th\",\"@id\":\"https:\\\/\\\/rothwell.co.th\\\/index.php\\\/28c-40c-combined-refrigerator-and-freezer-mrf-450a\\\/#primaryimage\",\"url\":\"https:\\\/\\\/rothwell.co.th\\\/wp-content\\\/uploads\\\/2025\\\/07\\\/MRF-450A-copy.webp\",\"contentUrl\":\"https:\\\/\\\/rothwell.co.th\\\/wp-content\\\/uploads\\\/2025\\\/07\\\/MRF-450A-copy.webp\",\"width\":392,\"height\":817,\"caption\":\"MRF-450A\"},{\"@type\":\"BreadcrumbList\",\"@id\":\"https:\\\/\\\/rothwell.co.th\\\/index.php\\\/28c-40c-combined-refrigerator-and-freezer-mrf-450a\\\/#breadcrumb\",\"itemListElement\":[{\"@type\":\"ListItem\",\"position\":1,\"name\":\"Home\",\"item\":\"https:\\\/\\\/rothwell.co.th\\\/\"},{\"@type\":\"ListItem\",\"position\":2,\"name\":\"2~8\u00b0C &amp; -40\u00b0C Combined Refrigerator and Freezer MRF-450A\"}]},{\"@type\":\"WebSite\",\"@id\":\"https:\\\/\\\/rothwell.co.th\\\/#website\",\"url\":\"https:\\\/\\\/rothwell.co.th\\\/\",\"name\":\"rothwell.co.th\",\"description\":\"\",\"publisher\":{\"@id\":\"https:\\\/\\\/rothwell.co.th\\\/#organization\"},\"potentialAction\":[{\"@type\":\"SearchAction\",\"target\":{\"@type\":\"EntryPoint\",\"urlTemplate\":\"https:\\\/\\\/rothwell.co.th\\\/?s={search_term_string}\"},\"query-input\":{\"@type\":\"PropertyValueSpecification\",\"valueRequired\":true,\"valueName\":\"search_term_string\"}}],\"inLanguage\":\"th\"},{\"@type\":\"Organization\",\"@id\":\"https:\\\/\\\/rothwell.co.th\\\/#organization\",\"name\":\"rothwell.co.th\",\"url\":\"https:\\\/\\\/rothwell.co.th\\\/\",\"logo\":{\"@type\":\"ImageObject\",\"inLanguage\":\"th\",\"@id\":\"https:\\\/\\\/rothwell.co.th\\\/#\\\/schema\\\/logo\\\/image\\\/\",\"url\":\"https:\\\/\\\/rothwell.co.th\\\/wp-content\\\/uploads\\\/2023\\\/03\\\/cropped-logopng-01.png\",\"contentUrl\":\"https:\\\/\\\/rothwell.co.th\\\/wp-content\\\/uploads\\\/2023\\\/03\\\/cropped-logopng-01.png\",\"width\":250,\"height\":70,\"caption\":\"rothwell.co.th\"},\"image\":{\"@id\":\"https:\\\/\\\/rothwell.co.th\\\/#\\\/schema\\\/logo\\\/image\\\/\"}}]}<\/script>\n<!-- \/ Yoast SEO plugin. -->","yoast_head_json":{"title":"2~8\u00b0C &amp; -40\u00b0C Combined Refrigerator and Freezer MRF-450A - rothwell.co.th","robots":{"index":"index","follow":"follow","max-snippet":"max-snippet:-1","max-image-preview":"max-image-preview:large","max-video-preview":"max-video-preview:-1"},"canonical":"https:\/\/rothwell.co.th\/index.php\/28c-40c-combined-refrigerator-and-freezer-mrf-450a\/","og_locale":"th_TH","og_type":"article","og_title":"2~8\u00b0C &amp; -40\u00b0C Combined Refrigerator and Freezer MRF-450A - rothwell.co.th","og_description":"2~8\u00b0C &amp; -40\u00b0C Combined Refrigerator and Freezer MRF-450A","og_url":"https:\/\/rothwell.co.th\/index.php\/28c-40c-combined-refrigerator-and-freezer-mrf-450a\/","og_site_name":"rothwell.co.th","article_modified_time":"2025-07-19T18:05:16+00:00","og_image":[{"width":392,"height":817,"url":"https:\/\/rothwell.co.th\/wp-content\/uploads\/2025\/07\/MRF-450A-copy.webp","type":"image\/webp"}],"twitter_card":"summary_large_image","twitter_misc":{"Est. reading time":"3 \u0e19\u0e32\u0e17\u0e35"},"schema":{"@context":"https:\/\/schema.org","@graph":[{"@type":"WebPage","@id":"https:\/\/rothwell.co.th\/index.php\/28c-40c-combined-refrigerator-and-freezer-mrf-450a\/","url":"https:\/\/rothwell.co.th\/index.php\/28c-40c-combined-refrigerator-and-freezer-mrf-450a\/","name":"2~8\u00b0C &amp; -40\u00b0C Combined Refrigerator and Freezer MRF-450A - rothwell.co.th","isPartOf":{"@id":"https:\/\/rothwell.co.th\/#website"},"primaryImageOfPage":{"@id":"https:\/\/rothwell.co.th\/index.php\/28c-40c-combined-refrigerator-and-freezer-mrf-450a\/#primaryimage"},"image":{"@id":"https:\/\/rothwell.co.th\/index.php\/28c-40c-combined-refrigerator-and-freezer-mrf-450a\/#primaryimage"},"thumbnailUrl":"https:\/\/rothwell.co.th\/wp-content\/uploads\/2025\/07\/MRF-450A-copy.webp","datePublished":"2025-07-19T17:06:57+00:00","dateModified":"2025-07-19T18:05:16+00:00","breadcrumb":{"@id":"https:\/\/rothwell.co.th\/index.php\/28c-40c-combined-refrigerator-and-freezer-mrf-450a\/#breadcrumb"},"inLanguage":"th","potentialAction":[{"@type":"ReadAction","target":["https:\/\/rothwell.co.th\/index.php\/28c-40c-combined-refrigerator-and-freezer-mrf-450a\/"]}]},{"@type":"ImageObject","inLanguage":"th","@id":"https:\/\/rothwell.co.th\/index.php\/28c-40c-combined-refrigerator-and-freezer-mrf-450a\/#primaryimage","url":"https:\/\/rothwell.co.th\/wp-content\/uploads\/2025\/07\/MRF-450A-copy.webp","contentUrl":"https:\/\/rothwell.co.th\/wp-content\/uploads\/2025\/07\/MRF-450A-copy.webp","width":392,"height":817,"caption":"MRF-450A"},{"@type":"BreadcrumbList","@id":"https:\/\/rothwell.co.th\/index.php\/28c-40c-combined-refrigerator-and-freezer-mrf-450a\/#breadcrumb","itemListElement":[{"@type":"ListItem","position":1,"name":"Home","item":"https:\/\/rothwell.co.th\/"},{"@type":"ListItem","position":2,"name":"2~8\u00b0C &amp; -40\u00b0C Combined Refrigerator and Freezer MRF-450A"}]},{"@type":"WebSite","@id":"https:\/\/rothwell.co.th\/#website","url":"https:\/\/rothwell.co.th\/","name":"rothwell.co.th","description":"","publisher":{"@id":"https:\/\/rothwell.co.th\/#organization"},"potentialAction":[{"@type":"SearchAction","target":{"@type":"EntryPoint","urlTemplate":"https:\/\/rothwell.co.th\/?s={search_term_string}"},"query-input":{"@type":"PropertyValueSpecification","valueRequired":true,"valueName":"search_term_string"}}],"inLanguage":"th"},{"@type":"Organization","@id":"https:\/\/rothwell.co.th\/#organization","name":"rothwell.co.th","url":"https:\/\/rothwell.co.th\/","logo":{"@type":"ImageObject","inLanguage":"th","@id":"https:\/\/rothwell.co.th\/#\/schema\/logo\/image\/","url":"https:\/\/rothwell.co.th\/wp-content\/uploads\/2023\/03\/cropped-logopng-01.png","contentUrl":"https:\/\/rothwell.co.th\/wp-content\/uploads\/2023\/03\/cropped-logopng-01.png","width":250,"height":70,"caption":"rothwell.co.th"},"image":{"@id":"https:\/\/rothwell.co.th\/#\/schema\/logo\/image\/"}}]}},"_links":{"self":[{"href":"https:\/\/rothwell.co.th\/index.php\/wp-json\/wp\/v2\/pages\/6905","targetHints":{"allow":["GET"]}}],"collection":[{"href":"https:\/\/rothwell.co.th\/index.php\/wp-json\/wp\/v2\/pages"}],"about":[{"href":"https:\/\/rothwell.co.th\/index.php\/wp-json\/wp\/v2\/types\/page"}],"author":[{"embeddable":true,"href":"https:\/\/rothwell.co.th\/index.php\/wp-json\/wp\/v2\/users\/1"}],"replies":[{"embeddable":true,"href":"https:\/\/rothwell.co.th\/index.php\/wp-json\/wp\/v2\/comments?post=6905"}],"version-history":[{"count":3,"href":"https:\/\/rothwell.co.th\/index.php\/wp-json\/wp\/v2\/pages\/6905\/revisions"}],"predecessor-version":[{"id":6922,"href":"https:\/\/rothwell.co.th\/index.php\/wp-json\/wp\/v2\/pages\/6905\/revisions\/6922"}],"wp:attachment":[{"href":"https:\/\/rothwell.co.th\/index.php\/wp-json\/wp\/v2\/media?parent=6905"}],"wp:term":[{"taxonomy":"category","embeddable":true,"href":"https:\/\/rothwell.co.th\/index.php\/wp-json\/wp\/v2\/categories?post=6905"},{"taxonomy":"post_tag","embeddable":true,"href":"https:\/\/rothwell.co.th\/index.php\/wp-json\/wp\/v2\/tags?post=6905"}],"curies":[{"name":"wp","href":"https:\/\/api.w.org\/{rel}","templated":true}]}}