{"id":6876,"date":"2025-07-19T23:19:22","date_gmt":"2025-07-19T16:19:22","guid":{"rendered":"https:\/\/rothwell.co.th\/?page_id=6876"},"modified":"2025-07-19T23:38:49","modified_gmt":"2025-07-19T16:38:49","slug":"4c-blood-bank-refrigerator-mbr-1408","status":"publish","type":"page","link":"https:\/\/rothwell.co.th\/index.php\/4c-blood-bank-refrigerator-mbr-1408\/","title":{"rendered":"4\u00b0C Blood Bank Refrigerator MBR-1408"},"content":{"rendered":"\n<p class=\"has-text-align-center\" style=\"font-size:26px\"><strong>4\u00b0C Blood Bank Refrigerator MBR-1408<\/strong><\/p>\n\n\n\n<div class=\"wp-block-group\"><div class=\"wp-block-group__inner-container is-layout-constrained wp-block-group-is-layout-constrained\">\n<div class=\"wp-block-columns is-layout-flex wp-container-core-columns-is-layout-9d6595d7 wp-block-columns-is-layout-flex\">\n<div class=\"wp-block-column is-layout-flow wp-block-column-is-layout-flow\"><div class=\"wp-block-image\">\n<figure class=\"aligncenter size-full is-resized\"><img fetchpriority=\"high\" decoding=\"async\" width=\"788\" height=\"838\" src=\"https:\/\/rothwell.co.th\/wp-content\/uploads\/2025\/07\/1408.webp\" alt=\"\" class=\"wp-image-6869\" style=\"width:422px;height:auto\" srcset=\"https:\/\/rothwell.co.th\/wp-content\/uploads\/2025\/07\/1408.webp 788w, https:\/\/rothwell.co.th\/wp-content\/uploads\/2025\/07\/1408-282x300.webp 282w, https:\/\/rothwell.co.th\/wp-content\/uploads\/2025\/07\/1408-768x817.webp 768w, https:\/\/rothwell.co.th\/wp-content\/uploads\/2025\/07\/1408-600x638.webp 600w\" sizes=\"(max-width: 788px) 100vw, 788px\" \/><\/figure>\n<\/div>\n\n\n<p class=\"has-text-align-center\">MBR-1408<\/p>\n\n\n\n<p class=\"has-text-align-center\"><\/p>\n<\/div>\n\n\n\n<div class=\"wp-block-column is-layout-flow wp-block-column-is-layout-flow\">\n<h2 class=\"wp-block-heading\"><strong>4\u00b0C Blood Bank Refrigerator MODEL : MBR-1408<\/strong><\/h2>\n\n\n\n<p>ANTECH BloodSafe series blood bank refrigerators are designed to meet highest requirements for the secure storage of blood and blood components. It provides excellent temperature performance, low noise and decreased energy consumption. High quality SECOP compressor and natural hydrocarbon refrigerant are used for optimized temperature performance and energy efficiency.&nbsp;<\/p>\n\n\n\n<div class=\"wp-block-columns is-layout-flex wp-container-core-columns-is-layout-9d6595d7 wp-block-columns-is-layout-flex\">\n<div class=\"wp-block-column is-layout-flow wp-block-column-is-layout-flow\">\n<figure class=\"wp-block-image size-large is-resized\"><img decoding=\"async\" width=\"1024\" height=\"727\" data-src=\"https:\/\/rothwell.co.th\/wp-content\/uploads\/2025\/07\/ce-seeklogo-1024x727.png\" alt=\"\" class=\"wp-image-6671 lazyload\" style=\"--smush-placeholder-width: 1024px; --smush-placeholder-aspect-ratio: 1024\/727;width:65px;height:auto\" data-srcset=\"https:\/\/rothwell.co.th\/wp-content\/uploads\/2025\/07\/ce-seeklogo-1024x727.png 1024w, https:\/\/rothwell.co.th\/wp-content\/uploads\/2025\/07\/ce-seeklogo-300x213.png 300w, https:\/\/rothwell.co.th\/wp-content\/uploads\/2025\/07\/ce-seeklogo-768x545.png 768w, https:\/\/rothwell.co.th\/wp-content\/uploads\/2025\/07\/ce-seeklogo-1536x1091.png 1536w, https:\/\/rothwell.co.th\/wp-content\/uploads\/2025\/07\/ce-seeklogo-600x426.png 600w, https:\/\/rothwell.co.th\/wp-content\/uploads\/2025\/07\/ce-seeklogo.png 2000w\" data-sizes=\"(max-width: 1024px) 100vw, 1024px\" src=\"data:image\/svg+xml;base64,PHN2ZyB3aWR0aD0iMSIgaGVpZ2h0PSIxIiB4bWxucz0iaHR0cDovL3d3dy53My5vcmcvMjAwMC9zdmciPjwvc3ZnPg==\" \/><\/figure>\n<\/div>\n\n\n\n<div class=\"wp-block-column is-layout-flow wp-block-column-is-layout-flow\">\n<figure class=\"wp-block-image size-full is-resized\"><img decoding=\"async\" width=\"131\" height=\"121\" data-src=\"https:\/\/rothwell.co.th\/wp-content\/uploads\/2025\/07\/Cat-Antech-Hilight\u0e2d\u0e22-3012.webp\" alt=\"\" class=\"wp-image-6672 lazyload\" style=\"--smush-placeholder-width: 131px; --smush-placeholder-aspect-ratio: 131\/121;width:58px;height:auto\" src=\"data:image\/svg+xml;base64,PHN2ZyB3aWR0aD0iMSIgaGVpZ2h0PSIxIiB4bWxucz0iaHR0cDovL3d3dy53My5vcmcvMjAwMC9zdmciPjwvc3ZnPg==\" \/><\/figure>\n<\/div>\n\n\n\n<div class=\"wp-block-column is-layout-flow wp-block-column-is-layout-flow\"><\/div>\n\n\n\n<div class=\"wp-block-column is-layout-flow wp-block-column-is-layout-flow\"><\/div>\n\n\n\n<div class=\"wp-block-column is-layout-flow wp-block-column-is-layout-flow\"><\/div>\n\n\n\n<div class=\"wp-block-column is-layout-flow wp-block-column-is-layout-flow\"><\/div>\n\n\n\n<div class=\"wp-block-column is-layout-flow wp-block-column-is-layout-flow\"><\/div>\n<\/div>\n<\/div>\n<\/div>\n\n\n\n<figure class=\"wp-block-table is-style-stripes\" style=\"font-size:18px\"><table class=\"has-black-color has-text-color has-link-color has-fixed-layout\"><tbody><tr><td><\/td><td>Model<\/td><td class=\"has-text-align-center\" data-align=\"center\">MBR-1008<\/td><\/tr><tr><td>Main<br>specifications<\/td><td>Type<br>Temperature range (\u2103)<br>Climate type<br>Capacity (L)<br>Blood bag storage qty(450ml)<br>Internal W\u00d7D\u00d7H (mm)<br>External W\u00d7D\u00d7H (mm)<br>Weight\uff08KGs\uff09<br>Insulation (mm)<br>Cooling type<br>Defrost<\/td><td class=\"has-text-align-center\" data-align=\"center\">Upright<br>4<br>N<br>1410<br>780<br>1460\u00d7650\u00d71400<br>1580\u00d7840\u00d71965<br>298<br>60<br>Forced air<br>Auto defrost<\/td><\/tr><tr><td>Control<br>system<\/td><td>Refrigerant<br>Controller<br>Display<br>Display accuracy<\/td><td class=\"has-text-align-center\" data-align=\"center\">R290<br>TC-100<br>LED digital<br>0.1<\/td><\/tr><tr><td>Power<\/td><td>Power supply (V\/Hz)<br>Rated power (W)<br>Rated Current (A)<\/td><td class=\"has-text-align-center\" data-align=\"center\">220\/50 220\/60 120\/60<br>400      400      420<br>2.4      2.4       4.8<\/td><\/tr><tr><td>Data<br>memory<\/td><td>High\/low temp check<br>USB port<br>Cloud monitoring (Wi-Fi)<\/td><td class=\"has-text-align-center\" data-align=\"center\">Y <br>Y <br><code>CryoMonitor 2000TF<\/code><\/td><\/tr><tr><td>Alarm<br>functions<\/td><td>Chart recorder<br>Visible\/audible alarm<br>High\/low temp alarm<br>Remote alarm contact<br>Sensor failure<br>Door open<br>Low battery<\/td><td class=\"has-text-align-center\" data-align=\"center\">&#8211;<br>Y<br>Y<br>Y<br>Y<br>Y<br>Y<\/td><\/tr><tr><td>Other<br>feature<\/td><td>Power failure<br>Door lock with key<br>Inner LED light<br>Adjustbale foot<br>Caster<br>Test access port<br>Sliding drawers QTY<br>Door Qty<\/td><td class=\"has-text-align-center\" data-align=\"center\">Y<br>Y<br>Y<br>Y<br>Y<br>\u03a620mm x 1<br>12<br>2<\/td><\/tr><tr><td>Material<\/td><td>Exterior<br>Interior<br>Door<br>Insulation<\/td><td class=\"has-text-align-center\" data-align=\"center\">Coated steel<br>Stainless steel<br>3-layer glass<br>Polyurethane<\/td><\/tr><tr><td>Shipping<\/td><td>Gross weight (KGs)<br>Packing W\u00d7D\u00d7H (mm)<br>Volume (m3<\/td><td class=\"has-text-align-center\" data-align=\"center\">338<br>1640\u00d7870\u00d72150<br>3.07<\/td><\/tr><\/tbody><\/table><\/figure>\n\n\n\n<div class=\"wp-block-group\"><div class=\"wp-block-group__inner-container is-layout-constrained wp-block-group-is-layout-constrained\">\n<p><a href=\"https:\/\/rothwell.co.th\/index.php\/4c-blood-bank-refrigerator-mbr-1408\/\">4\u00b0C Blood Bank Refrigerator MBR-658<\/a><\/p>\n\n\n\n<p><a href=\"https:\/\/rothwell.co.th\/index.php\/4c-blood-bank-refrigerator-mbr-1008\/\">4\u00b0C Blood Bank Refrigerator MBR-1008<\/a><\/p>\n\n\n\n<p><a href=\"https:\/\/rothwell.co.th\/index.php\/4c-blood-bank-refrigerator-mbr-1408\/\">4\u00b0C Blood Bank Refrigerator MBR-1408<\/a><\/p>\n<\/div><\/div>\n<\/div><\/div>\n","protected":false},"excerpt":{"rendered":"<p>4\u00b0C Blood Bank Refrigerator MBR-1408 MBR-1408 4\u00b0C Blood Bank<\/p>\n","protected":false},"author":1,"featured_media":0,"parent":0,"menu_order":0,"comment_status":"closed","ping_status":"closed","template":"","meta":{"footnotes":""},"categories":[],"tags":[],"class_list":["post-6876","page","type-page","status-publish","hentry"],"yoast_head":"<!-- This site is optimized with the Yoast SEO plugin v27.4 - https:\/\/yoast.com\/product\/yoast-seo-wordpress\/ -->\n<title>4\u00b0C Blood Bank Refrigerator MBR-1408 - rothwell.co.th<\/title>\n<meta name=\"robots\" content=\"index, follow, max-snippet:-1, max-image-preview:large, max-video-preview:-1\" \/>\n<link rel=\"canonical\" href=\"https:\/\/rothwell.co.th\/index.php\/4c-blood-bank-refrigerator-mbr-1408\/\" \/>\n<meta property=\"og:locale\" content=\"th_TH\" \/>\n<meta property=\"og:type\" content=\"article\" \/>\n<meta property=\"og:title\" content=\"4\u00b0C Blood Bank Refrigerator MBR-1408 - rothwell.co.th\" \/>\n<meta property=\"og:description\" content=\"4\u00b0C Blood Bank Refrigerator MBR-1408 MBR-1408 4\u00b0C Blood Bank\" \/>\n<meta property=\"og:url\" content=\"https:\/\/rothwell.co.th\/index.php\/4c-blood-bank-refrigerator-mbr-1408\/\" \/>\n<meta property=\"og:site_name\" content=\"rothwell.co.th\" \/>\n<meta property=\"article:modified_time\" content=\"2025-07-19T16:38:49+00:00\" \/>\n<meta property=\"og:image\" content=\"https:\/\/rothwell.co.th\/wp-content\/uploads\/2025\/07\/1408.webp\" \/>\n\t<meta property=\"og:image:width\" content=\"788\" \/>\n\t<meta property=\"og:image:height\" content=\"838\" \/>\n\t<meta property=\"og:image:type\" content=\"image\/webp\" \/>\n<meta name=\"twitter:card\" content=\"summary_large_image\" \/>\n<meta name=\"twitter:label1\" content=\"Est. reading time\" \/>\n\t<meta name=\"twitter:data1\" content=\"2 \u0e19\u0e32\u0e17\u0e35\" \/>\n<script type=\"application\/ld+json\" class=\"yoast-schema-graph\">{\"@context\":\"https:\\\/\\\/schema.org\",\"@graph\":[{\"@type\":\"WebPage\",\"@id\":\"https:\\\/\\\/rothwell.co.th\\\/index.php\\\/4c-blood-bank-refrigerator-mbr-1408\\\/\",\"url\":\"https:\\\/\\\/rothwell.co.th\\\/index.php\\\/4c-blood-bank-refrigerator-mbr-1408\\\/\",\"name\":\"4\u00b0C Blood Bank Refrigerator MBR-1408 - rothwell.co.th\",\"isPartOf\":{\"@id\":\"https:\\\/\\\/rothwell.co.th\\\/#website\"},\"primaryImageOfPage\":{\"@id\":\"https:\\\/\\\/rothwell.co.th\\\/index.php\\\/4c-blood-bank-refrigerator-mbr-1408\\\/#primaryimage\"},\"image\":{\"@id\":\"https:\\\/\\\/rothwell.co.th\\\/index.php\\\/4c-blood-bank-refrigerator-mbr-1408\\\/#primaryimage\"},\"thumbnailUrl\":\"https:\\\/\\\/rothwell.co.th\\\/wp-content\\\/uploads\\\/2025\\\/07\\\/1408.webp\",\"datePublished\":\"2025-07-19T16:19:22+00:00\",\"dateModified\":\"2025-07-19T16:38:49+00:00\",\"breadcrumb\":{\"@id\":\"https:\\\/\\\/rothwell.co.th\\\/index.php\\\/4c-blood-bank-refrigerator-mbr-1408\\\/#breadcrumb\"},\"inLanguage\":\"th\",\"potentialAction\":[{\"@type\":\"ReadAction\",\"target\":[\"https:\\\/\\\/rothwell.co.th\\\/index.php\\\/4c-blood-bank-refrigerator-mbr-1408\\\/\"]}]},{\"@type\":\"ImageObject\",\"inLanguage\":\"th\",\"@id\":\"https:\\\/\\\/rothwell.co.th\\\/index.php\\\/4c-blood-bank-refrigerator-mbr-1408\\\/#primaryimage\",\"url\":\"https:\\\/\\\/rothwell.co.th\\\/wp-content\\\/uploads\\\/2025\\\/07\\\/1408.webp\",\"contentUrl\":\"https:\\\/\\\/rothwell.co.th\\\/wp-content\\\/uploads\\\/2025\\\/07\\\/1408.webp\",\"width\":788,\"height\":838},{\"@type\":\"BreadcrumbList\",\"@id\":\"https:\\\/\\\/rothwell.co.th\\\/index.php\\\/4c-blood-bank-refrigerator-mbr-1408\\\/#breadcrumb\",\"itemListElement\":[{\"@type\":\"ListItem\",\"position\":1,\"name\":\"Home\",\"item\":\"https:\\\/\\\/rothwell.co.th\\\/\"},{\"@type\":\"ListItem\",\"position\":2,\"name\":\"4\u00b0C Blood Bank Refrigerator MBR-1408\"}]},{\"@type\":\"WebSite\",\"@id\":\"https:\\\/\\\/rothwell.co.th\\\/#website\",\"url\":\"https:\\\/\\\/rothwell.co.th\\\/\",\"name\":\"rothwell.co.th\",\"description\":\"\",\"publisher\":{\"@id\":\"https:\\\/\\\/rothwell.co.th\\\/#organization\"},\"potentialAction\":[{\"@type\":\"SearchAction\",\"target\":{\"@type\":\"EntryPoint\",\"urlTemplate\":\"https:\\\/\\\/rothwell.co.th\\\/?s={search_term_string}\"},\"query-input\":{\"@type\":\"PropertyValueSpecification\",\"valueRequired\":true,\"valueName\":\"search_term_string\"}}],\"inLanguage\":\"th\"},{\"@type\":\"Organization\",\"@id\":\"https:\\\/\\\/rothwell.co.th\\\/#organization\",\"name\":\"rothwell.co.th\",\"url\":\"https:\\\/\\\/rothwell.co.th\\\/\",\"logo\":{\"@type\":\"ImageObject\",\"inLanguage\":\"th\",\"@id\":\"https:\\\/\\\/rothwell.co.th\\\/#\\\/schema\\\/logo\\\/image\\\/\",\"url\":\"https:\\\/\\\/rothwell.co.th\\\/wp-content\\\/uploads\\\/2023\\\/03\\\/cropped-logopng-01.png\",\"contentUrl\":\"https:\\\/\\\/rothwell.co.th\\\/wp-content\\\/uploads\\\/2023\\\/03\\\/cropped-logopng-01.png\",\"width\":250,\"height\":70,\"caption\":\"rothwell.co.th\"},\"image\":{\"@id\":\"https:\\\/\\\/rothwell.co.th\\\/#\\\/schema\\\/logo\\\/image\\\/\"}}]}<\/script>\n<!-- \/ Yoast SEO plugin. -->","yoast_head_json":{"title":"4\u00b0C Blood Bank Refrigerator MBR-1408 - rothwell.co.th","robots":{"index":"index","follow":"follow","max-snippet":"max-snippet:-1","max-image-preview":"max-image-preview:large","max-video-preview":"max-video-preview:-1"},"canonical":"https:\/\/rothwell.co.th\/index.php\/4c-blood-bank-refrigerator-mbr-1408\/","og_locale":"th_TH","og_type":"article","og_title":"4\u00b0C Blood Bank Refrigerator MBR-1408 - rothwell.co.th","og_description":"4\u00b0C Blood Bank Refrigerator MBR-1408 MBR-1408 4\u00b0C Blood Bank","og_url":"https:\/\/rothwell.co.th\/index.php\/4c-blood-bank-refrigerator-mbr-1408\/","og_site_name":"rothwell.co.th","article_modified_time":"2025-07-19T16:38:49+00:00","og_image":[{"width":788,"height":838,"url":"https:\/\/rothwell.co.th\/wp-content\/uploads\/2025\/07\/1408.webp","type":"image\/webp"}],"twitter_card":"summary_large_image","twitter_misc":{"Est. reading time":"2 \u0e19\u0e32\u0e17\u0e35"},"schema":{"@context":"https:\/\/schema.org","@graph":[{"@type":"WebPage","@id":"https:\/\/rothwell.co.th\/index.php\/4c-blood-bank-refrigerator-mbr-1408\/","url":"https:\/\/rothwell.co.th\/index.php\/4c-blood-bank-refrigerator-mbr-1408\/","name":"4\u00b0C Blood Bank Refrigerator MBR-1408 - rothwell.co.th","isPartOf":{"@id":"https:\/\/rothwell.co.th\/#website"},"primaryImageOfPage":{"@id":"https:\/\/rothwell.co.th\/index.php\/4c-blood-bank-refrigerator-mbr-1408\/#primaryimage"},"image":{"@id":"https:\/\/rothwell.co.th\/index.php\/4c-blood-bank-refrigerator-mbr-1408\/#primaryimage"},"thumbnailUrl":"https:\/\/rothwell.co.th\/wp-content\/uploads\/2025\/07\/1408.webp","datePublished":"2025-07-19T16:19:22+00:00","dateModified":"2025-07-19T16:38:49+00:00","breadcrumb":{"@id":"https:\/\/rothwell.co.th\/index.php\/4c-blood-bank-refrigerator-mbr-1408\/#breadcrumb"},"inLanguage":"th","potentialAction":[{"@type":"ReadAction","target":["https:\/\/rothwell.co.th\/index.php\/4c-blood-bank-refrigerator-mbr-1408\/"]}]},{"@type":"ImageObject","inLanguage":"th","@id":"https:\/\/rothwell.co.th\/index.php\/4c-blood-bank-refrigerator-mbr-1408\/#primaryimage","url":"https:\/\/rothwell.co.th\/wp-content\/uploads\/2025\/07\/1408.webp","contentUrl":"https:\/\/rothwell.co.th\/wp-content\/uploads\/2025\/07\/1408.webp","width":788,"height":838},{"@type":"BreadcrumbList","@id":"https:\/\/rothwell.co.th\/index.php\/4c-blood-bank-refrigerator-mbr-1408\/#breadcrumb","itemListElement":[{"@type":"ListItem","position":1,"name":"Home","item":"https:\/\/rothwell.co.th\/"},{"@type":"ListItem","position":2,"name":"4\u00b0C Blood Bank Refrigerator MBR-1408"}]},{"@type":"WebSite","@id":"https:\/\/rothwell.co.th\/#website","url":"https:\/\/rothwell.co.th\/","name":"rothwell.co.th","description":"","publisher":{"@id":"https:\/\/rothwell.co.th\/#organization"},"potentialAction":[{"@type":"SearchAction","target":{"@type":"EntryPoint","urlTemplate":"https:\/\/rothwell.co.th\/?s={search_term_string}"},"query-input":{"@type":"PropertyValueSpecification","valueRequired":true,"valueName":"search_term_string"}}],"inLanguage":"th"},{"@type":"Organization","@id":"https:\/\/rothwell.co.th\/#organization","name":"rothwell.co.th","url":"https:\/\/rothwell.co.th\/","logo":{"@type":"ImageObject","inLanguage":"th","@id":"https:\/\/rothwell.co.th\/#\/schema\/logo\/image\/","url":"https:\/\/rothwell.co.th\/wp-content\/uploads\/2023\/03\/cropped-logopng-01.png","contentUrl":"https:\/\/rothwell.co.th\/wp-content\/uploads\/2023\/03\/cropped-logopng-01.png","width":250,"height":70,"caption":"rothwell.co.th"},"image":{"@id":"https:\/\/rothwell.co.th\/#\/schema\/logo\/image\/"}}]}},"_links":{"self":[{"href":"https:\/\/rothwell.co.th\/index.php\/wp-json\/wp\/v2\/pages\/6876","targetHints":{"allow":["GET"]}}],"collection":[{"href":"https:\/\/rothwell.co.th\/index.php\/wp-json\/wp\/v2\/pages"}],"about":[{"href":"https:\/\/rothwell.co.th\/index.php\/wp-json\/wp\/v2\/types\/page"}],"author":[{"embeddable":true,"href":"https:\/\/rothwell.co.th\/index.php\/wp-json\/wp\/v2\/users\/1"}],"replies":[{"embeddable":true,"href":"https:\/\/rothwell.co.th\/index.php\/wp-json\/wp\/v2\/comments?post=6876"}],"version-history":[{"count":2,"href":"https:\/\/rothwell.co.th\/index.php\/wp-json\/wp\/v2\/pages\/6876\/revisions"}],"predecessor-version":[{"id":6891,"href":"https:\/\/rothwell.co.th\/index.php\/wp-json\/wp\/v2\/pages\/6876\/revisions\/6891"}],"wp:attachment":[{"href":"https:\/\/rothwell.co.th\/index.php\/wp-json\/wp\/v2\/media?parent=6876"}],"wp:term":[{"taxonomy":"category","embeddable":true,"href":"https:\/\/rothwell.co.th\/index.php\/wp-json\/wp\/v2\/categories?post=6876"},{"taxonomy":"post_tag","embeddable":true,"href":"https:\/\/rothwell.co.th\/index.php\/wp-json\/wp\/v2\/tags?post=6876"}],"curies":[{"name":"wp","href":"https:\/\/api.w.org\/{rel}","templated":true}]}}