{"id":6669,"date":"2025-07-19T16:44:55","date_gmt":"2025-07-19T09:44:55","guid":{"rendered":"https:\/\/rothwell.co.th\/?page_id=6669"},"modified":"2025-07-19T22:10:19","modified_gmt":"2025-07-19T15:10:19","slug":"28c-pharmacy-refrigeratorantech-mrp-68","status":"publish","type":"page","link":"https:\/\/rothwell.co.th\/index.php\/28c-pharmacy-refrigeratorantech-mrp-68\/","title":{"rendered":"2~8\u00b0C Pharmacy Refrigerator[Antech] MRP-68"},"content":{"rendered":"\n<p class=\"has-text-align-center has-black-color has-text-color has-link-color wp-elements-74d9205f96ccaeb37de277ca508c0188\" style=\"font-size:25px;font-style:normal;font-weight:900\">2~8\u00b0C Pharmacy Refrigerator[Antech]    MODEL: MRP-68<\/p>\n\n\n\n<div class=\"wp-block-columns is-layout-flex wp-container-core-columns-is-layout-9d6595d7 wp-block-columns-is-layout-flex\">\n<div class=\"wp-block-column is-layout-flow wp-block-column-is-layout-flow\"><div class=\"wp-block-image\">\n<figure class=\"aligncenter size-full is-resized\"><img fetchpriority=\"high\" decoding=\"async\" width=\"302\" height=\"405\" src=\"https:\/\/rothwell.co.th\/wp-content\/uploads\/2025\/07\/68-1.webp\" alt=\"MPR-68 glass door\" class=\"wp-image-6655\" style=\"width:302px;height:auto\" srcset=\"https:\/\/rothwell.co.th\/wp-content\/uploads\/2025\/07\/68-1.webp 302w, https:\/\/rothwell.co.th\/wp-content\/uploads\/2025\/07\/68-1-224x300.webp 224w\" sizes=\"(max-width: 302px) 100vw, 302px\" \/><\/figure>\n<\/div>\n\n\n<p class=\"has-text-align-center\">MPR-68 glass door<\/p>\n\n\n<div class=\"wp-block-image\">\n<figure class=\"aligncenter size-full is-resized\"><img decoding=\"async\" width=\"436\" height=\"458\" data-src=\"https:\/\/rothwell.co.th\/wp-content\/uploads\/2025\/07\/68.webp\" alt=\"\" class=\"wp-image-6673 lazyload\" style=\"--smush-placeholder-width: 436px; --smush-placeholder-aspect-ratio: 436\/458;width:383px;height:auto\" data-srcset=\"https:\/\/rothwell.co.th\/wp-content\/uploads\/2025\/07\/68.webp 436w, https:\/\/rothwell.co.th\/wp-content\/uploads\/2025\/07\/68-286x300.webp 286w\" data-sizes=\"(max-width: 436px) 100vw, 436px\" src=\"data:image\/svg+xml;base64,PHN2ZyB3aWR0aD0iMSIgaGVpZ2h0PSIxIiB4bWxucz0iaHR0cDovL3d3dy53My5vcmcvMjAwMC9zdmciPjwvc3ZnPg==\" \/><\/figure>\n<\/div>\n\n\n<p class=\"has-text-align-center\">MPR-68 solid door<\/p>\n<\/div>\n\n\n\n<div class=\"wp-block-column is-layout-flow wp-block-column-is-layout-flow\">\n<h2 class=\"wp-block-heading\">2-8\u00b0C\/ Desktop\/ MPR-68<\/h2>\n\n\n\n<p>ANTECH\u2019s 60 liter desktop medical refrigerator is ideal<br>for small medical practices, pharmacies, and labs. It is a great<br>choice when you need small medical fridge for specialized<br>medicines, vaccines or lab materials. It is perfectly suited for<br>additional storage where space is a consideration. The<br>MPR-68 is designed for the most rigorous life science,<br>research, healthcare, clinical, and commercial applications.<\/p>\n\n\n\n<p>This unit uses environmentally friendly, natural refrigerants<br>that are fully compliant with new EPA\/SNAP\/UL regulations.<\/p>\n\n\n\n<div class=\"wp-block-columns is-layout-flex wp-container-core-columns-is-layout-9d6595d7 wp-block-columns-is-layout-flex\">\n<div class=\"wp-block-column is-layout-flow wp-block-column-is-layout-flow\">\n<figure class=\"wp-block-image size-large is-resized\"><img decoding=\"async\" width=\"1024\" height=\"727\" data-src=\"https:\/\/rothwell.co.th\/wp-content\/uploads\/2025\/07\/ce-seeklogo-1024x727.png\" alt=\"\" class=\"wp-image-6671 lazyload\" style=\"--smush-placeholder-width: 1024px; --smush-placeholder-aspect-ratio: 1024\/727;width:65px;height:auto\" data-srcset=\"https:\/\/rothwell.co.th\/wp-content\/uploads\/2025\/07\/ce-seeklogo-1024x727.png 1024w, https:\/\/rothwell.co.th\/wp-content\/uploads\/2025\/07\/ce-seeklogo-300x213.png 300w, https:\/\/rothwell.co.th\/wp-content\/uploads\/2025\/07\/ce-seeklogo-768x545.png 768w, https:\/\/rothwell.co.th\/wp-content\/uploads\/2025\/07\/ce-seeklogo-1536x1091.png 1536w, https:\/\/rothwell.co.th\/wp-content\/uploads\/2025\/07\/ce-seeklogo-600x426.png 600w, https:\/\/rothwell.co.th\/wp-content\/uploads\/2025\/07\/ce-seeklogo.png 2000w\" data-sizes=\"(max-width: 1024px) 100vw, 1024px\" src=\"data:image\/svg+xml;base64,PHN2ZyB3aWR0aD0iMSIgaGVpZ2h0PSIxIiB4bWxucz0iaHR0cDovL3d3dy53My5vcmcvMjAwMC9zdmciPjwvc3ZnPg==\" \/><\/figure>\n<\/div>\n\n\n\n<div class=\"wp-block-column is-layout-flow wp-block-column-is-layout-flow\">\n<figure class=\"wp-block-image size-full is-resized\"><img decoding=\"async\" width=\"131\" height=\"121\" data-src=\"https:\/\/rothwell.co.th\/wp-content\/uploads\/2025\/07\/Cat-Antech-Hilight\u0e2d\u0e22-3012.webp\" alt=\"\" class=\"wp-image-6672 lazyload\" style=\"--smush-placeholder-width: 131px; --smush-placeholder-aspect-ratio: 131\/121;width:58px;height:auto\" src=\"data:image\/svg+xml;base64,PHN2ZyB3aWR0aD0iMSIgaGVpZ2h0PSIxIiB4bWxucz0iaHR0cDovL3d3dy53My5vcmcvMjAwMC9zdmciPjwvc3ZnPg==\" \/><\/figure>\n<\/div>\n\n\n\n<div class=\"wp-block-column is-layout-flow wp-block-column-is-layout-flow\"><\/div>\n\n\n\n<div class=\"wp-block-column is-layout-flow wp-block-column-is-layout-flow\"><\/div>\n\n\n\n<div class=\"wp-block-column is-layout-flow wp-block-column-is-layout-flow\"><\/div>\n\n\n\n<div class=\"wp-block-column is-layout-flow wp-block-column-is-layout-flow\"><\/div>\n\n\n\n<div class=\"wp-block-column is-layout-flow wp-block-column-is-layout-flow\"><\/div>\n<\/div>\n\n\n\n<figure class=\"wp-block-table alignleft is-style-stripes\" style=\"font-size:16px\"><table class=\"has-fixed-layout\"><thead><tr><th>MODEL<\/th><th>MPR-68<\/th><\/tr><\/thead><tbody><tr><td>Door type   <\/td><td>1 glass door as standard, solid door optional       <\/td><\/tr><tr><td>Temperature range (\u00b0C)<\/td><td>2\uff5e8<\/td><\/tr><tr><td>Capacity (L)<\/td><td>65<\/td><\/tr><tr><td>External dimensions W\u00d7D\u00d7H (mm)<\/td><td>510\u00d7590\u00d7660<\/td><\/tr><tr><td>Shelves (pcs)<\/td><td>2<\/td><\/tr><tr><td>Power supply<\/td><td>220V\/50Hz; 220V\/60Hz; 120V\/60Hz<\/td><\/tr><tr><td>Data storage &amp; USB port<\/td><td><strong>Y<\/strong><\/td><\/tr><\/tbody><\/table><\/figure>\n<\/div>\n<\/div>\n\n\n\n<div class=\"wp-block-group\"><div class=\"wp-block-group__inner-container is-layout-constrained wp-block-group-is-layout-constrained\">\n<div class=\"wp-block-columns is-layout-flex wp-container-core-columns-is-layout-9d6595d7 wp-block-columns-is-layout-flex\">\n<div class=\"wp-block-column is-layout-flow wp-block-column-is-layout-flow\">\n<p><strong>TC-100 Controller<\/strong><\/p>\n\n\n\n<figure class=\"wp-block-image size-full\"><img decoding=\"async\" width=\"984\" height=\"273\" data-src=\"https:\/\/rothwell.co.th\/wp-content\/uploads\/2025\/07\/Cat-Antech-Hilight\u0e2d\u0e22-132.webp\" alt=\"\" class=\"wp-image-6814 lazyload\" data-srcset=\"https:\/\/rothwell.co.th\/wp-content\/uploads\/2025\/07\/Cat-Antech-Hilight\u0e2d\u0e22-132.webp 984w, https:\/\/rothwell.co.th\/wp-content\/uploads\/2025\/07\/Cat-Antech-Hilight\u0e2d\u0e22-132-300x83.webp 300w, https:\/\/rothwell.co.th\/wp-content\/uploads\/2025\/07\/Cat-Antech-Hilight\u0e2d\u0e22-132-768x213.webp 768w, https:\/\/rothwell.co.th\/wp-content\/uploads\/2025\/07\/Cat-Antech-Hilight\u0e2d\u0e22-132-600x166.webp 600w\" data-sizes=\"(max-width: 984px) 100vw, 984px\" src=\"data:image\/svg+xml;base64,PHN2ZyB3aWR0aD0iMSIgaGVpZ2h0PSIxIiB4bWxucz0iaHR0cDovL3d3dy53My5vcmcvMjAwMC9zdmciPjwvc3ZnPg==\" style=\"--smush-placeholder-width: 984px; --smush-placeholder-aspect-ratio: 984\/273;\" \/><\/figure>\n\n\n\n<p>Microprocessor electronic controller for PharmaSafe series medical refrigerators, \ufb01tted with dual LED screen to display inner chamber temperature and key working conditions. Advanced dual sensor control system for accurate temperature control.&nbsp;<\/p>\n<\/div>\n\n\n\n<div class=\"wp-block-column is-layout-flow wp-block-column-is-layout-flow\">\n<p><strong>Performance<\/strong><\/p>\n\n\n\n<div style=\"height:47px\" aria-hidden=\"true\" class=\"wp-block-spacer\"><\/div>\n\n\n\n<p>1.Forced air cooling for excellent temperature uniformity                          2.Variable (cycle) defrost                                                                          3.Intelligent microprocessor controller with LED digital display resolution 0.1                                                                                                                                                                 4.Magnetically sealed door with rapid cool-down mode after door opening                                                                                                            5.Dual sensor design: Independent control sensor and display sensor<\/p>\n<\/div>\n<\/div>\n\n\n\n<div style=\"height:47px\" aria-hidden=\"true\" class=\"wp-block-spacer\"><\/div>\n\n\n\n<div class=\"wp-block-columns is-layout-flex wp-container-core-columns-is-layout-9d6595d7 wp-block-columns-is-layout-flex\">\n<div class=\"wp-block-column is-layout-flow wp-block-column-is-layout-flow\">\n<p><strong>Environment Friendly<\/strong>&nbsp;<\/p>\n\n\n\n<p>1.Natural refrigerant compliant with EPA and SNAP non-ozone depleting mandates                                                                                                      2.CFC-Free polyurethane foaming insulation                                                     3.High efficiency cooling system for lower energy consumption and carbon emission<\/p>\n<\/div>\n\n\n\n<div class=\"wp-block-column is-layout-flow wp-block-column-is-layout-flow\">\n<p><strong>Ergonomic Design<\/strong><\/p>\n\n\n\n<p>1.Door-activated and exterior switch-activated interior LED lighting 2.Self-close door for convenient operation                                              3.Left\/right side open revisable door (capacity less than 600 liters) to suit various space                                                                                  4.Ultra-quite design reduces noise level<\/p>\n\n\n\n<p><\/p>\n<\/div>\n<\/div>\n\n\n\n<div class=\"wp-block-columns is-layout-flex wp-container-core-columns-is-layout-9d6595d7 wp-block-columns-is-layout-flex\">\n<div class=\"wp-block-column is-layout-flow wp-block-column-is-layout-flow\">\n<p><strong>Safety<\/strong>&nbsp;&nbsp;<\/p>\n\n\n\n<p>1.Build-in data storage and USB port for download                                         2.Quick check of max\/min temperature in 24 hours                            3.Password protection avoids key parameters unauthorized change                                      4.Safety door lock, preventing unauthorized access                                                    5.Access port for additional temperature probe                                                6.Remote alarm contacts<\/p>\n<\/div>\n\n\n\n<div class=\"wp-block-column is-layout-flow wp-block-column-is-layout-flow\">\n<p><strong>Alarms<\/strong><\/p>\n\n\n\n<p>1.High temperature                                                                                         2.Low  temperature                                                                                                                                                                                                                                 3.Open door                                                                                                              4.Power failure\u00a0                                                                                                    5.Sensor error                                                                                                                                       6.Low battery<\/p>\n<\/div>\n<\/div>\n<\/div><\/div>\n\n\n\n<div style=\"height:100px\" aria-hidden=\"true\" class=\"wp-block-spacer\"><\/div>\n\n\n\n<div class=\"wp-block-group\"><div class=\"wp-block-group__inner-container is-layout-constrained wp-block-group-is-layout-constrained\">\n<p class=\"has-text-align-center\" style=\"font-size:39px\">2~8\u00b0C PharmaSafe series<\/p>\n\n\n\n<figure class=\"wp-block-table aligncenter is-style-stripes\" style=\"font-size:18px\"><table class=\"has-black-color has-text-color has-link-color has-fixed-layout\"><tbody><tr><td><\/td><td>Model<\/td><td class=\"has-text-align-center\" data-align=\"center\">MPR-68<\/td><\/tr><tr><td>Main<br>specifications<\/td><td>Type<br>Temperature range (\u00b0C)<br>Climate type<br>Capacity (L)<br>Internal W\u00d7D\u00d7H (mm)<br>External W\u00d7D\u00d7H (mm)<br>Weight\uff08KGs\uff09<br>Insulation (mm)<br>Cooling type<br>Defrost<br>Refrigerant<\/td><td class=\"has-text-align-center\" data-align=\"center\">Desktop<br>2\uff5e8<br>N<br>65<br>410\u00d7391\u00d7420<br>510\u00d7590\u00d7660<br>34<br>50<br>Forced air<br>Auto defrost<br>R600a<\/td><\/tr><tr><td>Control<br>system<\/td><td>Controller<br>Display<br>Display accuracy<\/td><td class=\"has-text-align-center\" data-align=\"center\">TC-100<br>LED digital<br>0.<\/td><\/tr><tr><td>Power<\/td><td>Power supply (V\/Hz)<br>Rated power (W)<br>Rated Current (A)<\/td><td class=\"has-text-align-center\" data-align=\"center\">220\/50 220\/60 120\/60<br>118            118          100<br>1.0             1.0           1.2<\/td><\/tr><tr><td>Data<br>memory<\/td><td>High\/low temp check<br>USB port<br>Cloud monitoring (Wi-Fi)<\/td><td class=\"has-text-align-center\" data-align=\"center\">Y               Y              Y<br>Y               Y              Y<br><code>CryoMonitor 2000TF<\/code><\/td><\/tr><tr><td>Alarm<br>functions<\/td><td>Visible\/audible alarm<br>High\/low temp alarm<br>Remote alarm contact<br>Sensor failure<br>Door open<br>Low battery<br>Power failure<\/td><td class=\"has-text-align-center\" data-align=\"center\">Y<br>Y<br>Y<br>Y<br>Y<br>Y<br>Y<\/td><\/tr><tr><td>Other<br>feature<\/td><td>Door lock with key<br>Inner LED light<br>Adjustbale foot<br>Caster<br>Test access port<br>Shelves adjustable<br>Shelf at buttom<br>Door QTY<\/td><td class=\"has-text-align-center\" data-align=\"center\">Y<br>Y<br>Y<br>&#8211;<br>\u03a620mm x 1<br>1<br>1<br>1<\/td><\/tr><tr><td>Material<\/td><td>Exterior<br>Interior<br>Door<br><br>Insulation<\/td><td class=\"has-text-align-center\" data-align=\"center\">Pre-coated steel<br>Pre-coated aluminum<br>2-layer glass door,<br>optional solid door<br>Polyurethane<\/td><\/tr><tr><td>Shipping<\/td><td>Gross weight (KGs)<br>Packing W\u00d7D\u00d7H (mm)<br>Volume (m\u00b3)<\/td><td class=\"has-text-align-center\" data-align=\"center\">42<br>570\u00d7620\u00d7720<br>0.25<\/td><\/tr><\/tbody><\/table><\/figure>\n<\/div><\/div>\n\n\n\n<p><\/p>\n\n\n\n<ul class=\"wp-block-list\">\n<li class=\"has-blue-color has-text-color has-link-color wp-elements-62c1cea22b343179527e91c4b7400038\"><a href=\"https:\/\/rothwell.co.th\/index.php\/28c-pharmacy-refrigeratorantech-mrp-68\/\">2~8\u00b0C Pharmacy Refrigerator[Antech] MRP-68<\/a><\/li>\n\n\n\n<li class=\"has-blue-color has-text-color has-link-color wp-elements-1ae74fd378c4f5743a2f25ce70b4e578\"><a href=\"https:\/\/rothwell.co.th\/index.php\/28c-pharmacy-refrigeratorantech-mpr-136\/\">2~8\u00b0C Pharmacy Refrigerator[Antech] MPR-136<\/a><\/li>\n\n\n\n<li class=\"has-blue-color has-text-color has-link-color wp-elements-caf3f0dbbb877e69d2af830630e5b4b2\"><a href=\"https:\/\/rothwell.co.th\/index.php\/28c-pharmacy-refrigeratorantech-mpr-260\/\">2~8\u00b0C Pharmacy Refrigerator[Antech] MPR-260<\/a><\/li>\n\n\n\n<li class=\"has-blue-color has-text-color has-link-color wp-elements-25348289ac350c087a29fb8c79dd5f68\"><a href=\"https:\/\/rothwell.co.th\/index.php\/28c-pharmacy-refrigeratorantech-mpr-360\/\">2~8\u00b0C Pharmacy Refrigerator[Antech] MPR-360<\/a><\/li>\n\n\n\n<li class=\"has-blue-color has-text-color has-link-color wp-elements-e8a408ccc6d967c0bd5534b0778f32de\"><a href=\"https:\/\/rothwell.co.th\/index.php\/28c-pharmacy-refrigeratorantech-mpr-525\/\">2~8\u00b0C Pharmacy Refrigerator[Antech] MPR-525<\/a><\/li>\n\n\n\n<li class=\"has-blue-color has-text-color has-link-color wp-elements-551b2f26e5d8b021961ce658d6b91691\"><a href=\"https:\/\/rothwell.co.th\/index.php\/28c-pharmacy-refrigeratorantech-mpr-656\/\">2~8\u00b0C Pharmacy Refrigerator[Antech] MPR-656<\/a><\/li>\n\n\n\n<li class=\"has-blue-color has-text-color has-link-color wp-elements-323be389e8e03ea63c22f7cff66dbd9c\"><a href=\"https:\/\/rothwell.co.th\/index.php\/28c-pharmacy-refrigeratorantech-mpr-1006\/\">2~8\u00b0C Pharmacy Refrigerator[Antech] MPR-1006<\/a><\/li>\n\n\n\n<li class=\"has-blue-color has-text-color has-link-color wp-elements-2aeef4f3239723aeaaa9953efa15aa7c\"><a href=\"https:\/\/rothwell.co.th\/index.php\/28c-pharmacy-refrigeratorantech-mpr-1410\/\">2~8\u00b0C Pharmacy Refrigerator[Antech] MPR-1410<\/a><\/li>\n<\/ul>\n","protected":false},"excerpt":{"rendered":"<p>2~8\u00b0C Pharmacy Refrigerator[Antech] MODEL: MRP-68 MPR-68 gla<\/p>\n","protected":false},"author":1,"featured_media":0,"parent":0,"menu_order":0,"comment_status":"closed","ping_status":"closed","template":"","meta":{"footnotes":""},"categories":[70,47],"tags":[],"class_list":["post-6669","page","type-page","status-publish","hentry","category-antech","category-refrigerator"],"yoast_head":"<!-- This site is optimized with the Yoast SEO plugin v27.4 - https:\/\/yoast.com\/product\/yoast-seo-wordpress\/ -->\n<title>2~8\u00b0C Pharmacy Refrigerator[Antech] MRP-68 - rothwell.co.th<\/title>\n<meta name=\"robots\" content=\"index, follow, max-snippet:-1, max-image-preview:large, max-video-preview:-1\" \/>\n<link rel=\"canonical\" href=\"https:\/\/rothwell.co.th\/index.php\/28c-pharmacy-refrigeratorantech-mrp-68\/\" \/>\n<meta property=\"og:locale\" content=\"th_TH\" \/>\n<meta property=\"og:type\" content=\"article\" \/>\n<meta property=\"og:title\" content=\"2~8\u00b0C Pharmacy Refrigerator[Antech] MRP-68 - rothwell.co.th\" \/>\n<meta property=\"og:description\" content=\"2~8\u00b0C Pharmacy Refrigerator[Antech] MODEL: MRP-68 MPR-68 gla\" \/>\n<meta property=\"og:url\" content=\"https:\/\/rothwell.co.th\/index.php\/28c-pharmacy-refrigeratorantech-mrp-68\/\" \/>\n<meta property=\"og:site_name\" content=\"rothwell.co.th\" \/>\n<meta property=\"article:modified_time\" content=\"2025-07-19T15:10:19+00:00\" \/>\n<meta property=\"og:image\" content=\"https:\/\/rothwell.co.th\/wp-content\/uploads\/2025\/07\/68-1.webp\" \/>\n\t<meta property=\"og:image:width\" content=\"302\" \/>\n\t<meta property=\"og:image:height\" content=\"405\" \/>\n\t<meta property=\"og:image:type\" content=\"image\/webp\" \/>\n<meta name=\"twitter:card\" content=\"summary_large_image\" \/>\n<meta name=\"twitter:label1\" content=\"Est. reading time\" \/>\n\t<meta name=\"twitter:data1\" content=\"4 \u0e19\u0e32\u0e17\u0e35\" \/>\n<script type=\"application\/ld+json\" class=\"yoast-schema-graph\">{\"@context\":\"https:\\\/\\\/schema.org\",\"@graph\":[{\"@type\":\"WebPage\",\"@id\":\"https:\\\/\\\/rothwell.co.th\\\/index.php\\\/28c-pharmacy-refrigeratorantech-mrp-68\\\/\",\"url\":\"https:\\\/\\\/rothwell.co.th\\\/index.php\\\/28c-pharmacy-refrigeratorantech-mrp-68\\\/\",\"name\":\"2~8\u00b0C Pharmacy Refrigerator[Antech] MRP-68 - rothwell.co.th\",\"isPartOf\":{\"@id\":\"https:\\\/\\\/rothwell.co.th\\\/#website\"},\"primaryImageOfPage\":{\"@id\":\"https:\\\/\\\/rothwell.co.th\\\/index.php\\\/28c-pharmacy-refrigeratorantech-mrp-68\\\/#primaryimage\"},\"image\":{\"@id\":\"https:\\\/\\\/rothwell.co.th\\\/index.php\\\/28c-pharmacy-refrigeratorantech-mrp-68\\\/#primaryimage\"},\"thumbnailUrl\":\"https:\\\/\\\/rothwell.co.th\\\/wp-content\\\/uploads\\\/2025\\\/07\\\/68-1.webp\",\"datePublished\":\"2025-07-19T09:44:55+00:00\",\"dateModified\":\"2025-07-19T15:10:19+00:00\",\"breadcrumb\":{\"@id\":\"https:\\\/\\\/rothwell.co.th\\\/index.php\\\/28c-pharmacy-refrigeratorantech-mrp-68\\\/#breadcrumb\"},\"inLanguage\":\"th\",\"potentialAction\":[{\"@type\":\"ReadAction\",\"target\":[\"https:\\\/\\\/rothwell.co.th\\\/index.php\\\/28c-pharmacy-refrigeratorantech-mrp-68\\\/\"]}]},{\"@type\":\"ImageObject\",\"inLanguage\":\"th\",\"@id\":\"https:\\\/\\\/rothwell.co.th\\\/index.php\\\/28c-pharmacy-refrigeratorantech-mrp-68\\\/#primaryimage\",\"url\":\"https:\\\/\\\/rothwell.co.th\\\/wp-content\\\/uploads\\\/2025\\\/07\\\/68-1.webp\",\"contentUrl\":\"https:\\\/\\\/rothwell.co.th\\\/wp-content\\\/uploads\\\/2025\\\/07\\\/68-1.webp\",\"width\":302,\"height\":405},{\"@type\":\"BreadcrumbList\",\"@id\":\"https:\\\/\\\/rothwell.co.th\\\/index.php\\\/28c-pharmacy-refrigeratorantech-mrp-68\\\/#breadcrumb\",\"itemListElement\":[{\"@type\":\"ListItem\",\"position\":1,\"name\":\"Home\",\"item\":\"https:\\\/\\\/rothwell.co.th\\\/\"},{\"@type\":\"ListItem\",\"position\":2,\"name\":\"2~8\u00b0C Pharmacy Refrigerator[Antech] MRP-68\"}]},{\"@type\":\"WebSite\",\"@id\":\"https:\\\/\\\/rothwell.co.th\\\/#website\",\"url\":\"https:\\\/\\\/rothwell.co.th\\\/\",\"name\":\"rothwell.co.th\",\"description\":\"\",\"publisher\":{\"@id\":\"https:\\\/\\\/rothwell.co.th\\\/#organization\"},\"potentialAction\":[{\"@type\":\"SearchAction\",\"target\":{\"@type\":\"EntryPoint\",\"urlTemplate\":\"https:\\\/\\\/rothwell.co.th\\\/?s={search_term_string}\"},\"query-input\":{\"@type\":\"PropertyValueSpecification\",\"valueRequired\":true,\"valueName\":\"search_term_string\"}}],\"inLanguage\":\"th\"},{\"@type\":\"Organization\",\"@id\":\"https:\\\/\\\/rothwell.co.th\\\/#organization\",\"name\":\"rothwell.co.th\",\"url\":\"https:\\\/\\\/rothwell.co.th\\\/\",\"logo\":{\"@type\":\"ImageObject\",\"inLanguage\":\"th\",\"@id\":\"https:\\\/\\\/rothwell.co.th\\\/#\\\/schema\\\/logo\\\/image\\\/\",\"url\":\"https:\\\/\\\/rothwell.co.th\\\/wp-content\\\/uploads\\\/2023\\\/03\\\/cropped-logopng-01.png\",\"contentUrl\":\"https:\\\/\\\/rothwell.co.th\\\/wp-content\\\/uploads\\\/2023\\\/03\\\/cropped-logopng-01.png\",\"width\":250,\"height\":70,\"caption\":\"rothwell.co.th\"},\"image\":{\"@id\":\"https:\\\/\\\/rothwell.co.th\\\/#\\\/schema\\\/logo\\\/image\\\/\"}}]}<\/script>\n<!-- \/ Yoast SEO plugin. -->","yoast_head_json":{"title":"2~8\u00b0C Pharmacy Refrigerator[Antech] MRP-68 - rothwell.co.th","robots":{"index":"index","follow":"follow","max-snippet":"max-snippet:-1","max-image-preview":"max-image-preview:large","max-video-preview":"max-video-preview:-1"},"canonical":"https:\/\/rothwell.co.th\/index.php\/28c-pharmacy-refrigeratorantech-mrp-68\/","og_locale":"th_TH","og_type":"article","og_title":"2~8\u00b0C Pharmacy Refrigerator[Antech] MRP-68 - rothwell.co.th","og_description":"2~8\u00b0C Pharmacy Refrigerator[Antech] MODEL: MRP-68 MPR-68 gla","og_url":"https:\/\/rothwell.co.th\/index.php\/28c-pharmacy-refrigeratorantech-mrp-68\/","og_site_name":"rothwell.co.th","article_modified_time":"2025-07-19T15:10:19+00:00","og_image":[{"width":302,"height":405,"url":"https:\/\/rothwell.co.th\/wp-content\/uploads\/2025\/07\/68-1.webp","type":"image\/webp"}],"twitter_card":"summary_large_image","twitter_misc":{"Est. reading time":"4 \u0e19\u0e32\u0e17\u0e35"},"schema":{"@context":"https:\/\/schema.org","@graph":[{"@type":"WebPage","@id":"https:\/\/rothwell.co.th\/index.php\/28c-pharmacy-refrigeratorantech-mrp-68\/","url":"https:\/\/rothwell.co.th\/index.php\/28c-pharmacy-refrigeratorantech-mrp-68\/","name":"2~8\u00b0C Pharmacy Refrigerator[Antech] MRP-68 - rothwell.co.th","isPartOf":{"@id":"https:\/\/rothwell.co.th\/#website"},"primaryImageOfPage":{"@id":"https:\/\/rothwell.co.th\/index.php\/28c-pharmacy-refrigeratorantech-mrp-68\/#primaryimage"},"image":{"@id":"https:\/\/rothwell.co.th\/index.php\/28c-pharmacy-refrigeratorantech-mrp-68\/#primaryimage"},"thumbnailUrl":"https:\/\/rothwell.co.th\/wp-content\/uploads\/2025\/07\/68-1.webp","datePublished":"2025-07-19T09:44:55+00:00","dateModified":"2025-07-19T15:10:19+00:00","breadcrumb":{"@id":"https:\/\/rothwell.co.th\/index.php\/28c-pharmacy-refrigeratorantech-mrp-68\/#breadcrumb"},"inLanguage":"th","potentialAction":[{"@type":"ReadAction","target":["https:\/\/rothwell.co.th\/index.php\/28c-pharmacy-refrigeratorantech-mrp-68\/"]}]},{"@type":"ImageObject","inLanguage":"th","@id":"https:\/\/rothwell.co.th\/index.php\/28c-pharmacy-refrigeratorantech-mrp-68\/#primaryimage","url":"https:\/\/rothwell.co.th\/wp-content\/uploads\/2025\/07\/68-1.webp","contentUrl":"https:\/\/rothwell.co.th\/wp-content\/uploads\/2025\/07\/68-1.webp","width":302,"height":405},{"@type":"BreadcrumbList","@id":"https:\/\/rothwell.co.th\/index.php\/28c-pharmacy-refrigeratorantech-mrp-68\/#breadcrumb","itemListElement":[{"@type":"ListItem","position":1,"name":"Home","item":"https:\/\/rothwell.co.th\/"},{"@type":"ListItem","position":2,"name":"2~8\u00b0C Pharmacy Refrigerator[Antech] MRP-68"}]},{"@type":"WebSite","@id":"https:\/\/rothwell.co.th\/#website","url":"https:\/\/rothwell.co.th\/","name":"rothwell.co.th","description":"","publisher":{"@id":"https:\/\/rothwell.co.th\/#organization"},"potentialAction":[{"@type":"SearchAction","target":{"@type":"EntryPoint","urlTemplate":"https:\/\/rothwell.co.th\/?s={search_term_string}"},"query-input":{"@type":"PropertyValueSpecification","valueRequired":true,"valueName":"search_term_string"}}],"inLanguage":"th"},{"@type":"Organization","@id":"https:\/\/rothwell.co.th\/#organization","name":"rothwell.co.th","url":"https:\/\/rothwell.co.th\/","logo":{"@type":"ImageObject","inLanguage":"th","@id":"https:\/\/rothwell.co.th\/#\/schema\/logo\/image\/","url":"https:\/\/rothwell.co.th\/wp-content\/uploads\/2023\/03\/cropped-logopng-01.png","contentUrl":"https:\/\/rothwell.co.th\/wp-content\/uploads\/2023\/03\/cropped-logopng-01.png","width":250,"height":70,"caption":"rothwell.co.th"},"image":{"@id":"https:\/\/rothwell.co.th\/#\/schema\/logo\/image\/"}}]}},"_links":{"self":[{"href":"https:\/\/rothwell.co.th\/index.php\/wp-json\/wp\/v2\/pages\/6669","targetHints":{"allow":["GET"]}}],"collection":[{"href":"https:\/\/rothwell.co.th\/index.php\/wp-json\/wp\/v2\/pages"}],"about":[{"href":"https:\/\/rothwell.co.th\/index.php\/wp-json\/wp\/v2\/types\/page"}],"author":[{"embeddable":true,"href":"https:\/\/rothwell.co.th\/index.php\/wp-json\/wp\/v2\/users\/1"}],"replies":[{"embeddable":true,"href":"https:\/\/rothwell.co.th\/index.php\/wp-json\/wp\/v2\/comments?post=6669"}],"version-history":[{"count":11,"href":"https:\/\/rothwell.co.th\/index.php\/wp-json\/wp\/v2\/pages\/6669\/revisions"}],"predecessor-version":[{"id":6865,"href":"https:\/\/rothwell.co.th\/index.php\/wp-json\/wp\/v2\/pages\/6669\/revisions\/6865"}],"wp:attachment":[{"href":"https:\/\/rothwell.co.th\/index.php\/wp-json\/wp\/v2\/media?parent=6669"}],"wp:term":[{"taxonomy":"category","embeddable":true,"href":"https:\/\/rothwell.co.th\/index.php\/wp-json\/wp\/v2\/categories?post=6669"},{"taxonomy":"post_tag","embeddable":true,"href":"https:\/\/rothwell.co.th\/index.php\/wp-json\/wp\/v2\/tags?post=6669"}],"curies":[{"name":"wp","href":"https:\/\/api.w.org\/{rel}","templated":true}]}}